{"id":27777,"date":"2024-07-18T13:13:46","date_gmt":"2024-07-18T13:13:46","guid":{"rendered":"https:\/\/condals.devel8.com\/cookies-policy\/"},"modified":"2024-09-16T07:09:04","modified_gmt":"2024-09-16T07:09:04","slug":"politica-de-cookies","status":"publish","type":"page","link":"https:\/\/www.condalsgroup.com\/es\/politica-de-cookies\/","title":{"rendered":"Pol\u00edtica de cookies"},"content":{"rendered":"\n<div class=\"wp-block-uagb-container custom-link-color uagb-block-56994f5f alignfull uagb-is-root-container\"><div class=\"uagb-container-inner-blocks-wrap\">\n<div class=\"wp-block-uagb-advanced-heading uagb-block-913ee733\"><h1 class=\"uagb-heading-text\">pol\u00edtica de cookies<\/h1><\/div>\n\n\n\n<p style=\"margin-top:0px;margin-bottom:0px\">Una cookie es un peque\u00f1o fichero de texto que se almacena en su navegador cuando visita casi cualquier p\u00e1gina web. Su utilidad es que el sitio web sea capaz de recordar su visita cuando vuelva a navegar por esa p\u00e1gina. Las cookies suelen almacenar informaci\u00f3n de car\u00e1cter t\u00e9cnico, preferencias personales, personalizaci\u00f3n de contenidos, estad\u00edsticas de uso, enlaces a redes sociales, acceso a cuentas de usuario, etc. La finalidad de la cookie es adaptar el contenido de la web a su perfil y necesidades, sin cookies los servicios ofrecidos por cualquier p\u00e1gina se ver\u00edan mermados notablemente. Si desea consultar m\u00e1s informaci\u00f3n sobre qu\u00e9 son las cookies, qu\u00e9 almacenan, c\u00f3mo eliminarlas, desactivarlas, etc., le rogamos se dirija a este enlace.<\/p>\n\n\n\n<div class=\"wp-block-uagb-advanced-heading uagb-block-9d05b5b0\"><h2 class=\"uagb-heading-text\">Cookies utilizadas en este sitio web<\/h2><\/div>\n\n\n\n<p style=\"margin-top:0px;margin-bottom:0px\">Siguiendo las directrices de la Agencia Espa\u00f1ola de Protecci\u00f3n de Datos procedemos a detallar el uso de cookies que hace esta web con el fin de informarle con la m\u00e1xima exactitud posible.<\/p>\n\n\n\n<p style=\"margin-top:0px;margin-bottom:0px\">Este sitio web utiliza las siguientes <strong>cookies propias:<\/strong><\/p>\n\n\n\n<ul class=\"wp-block-list\">\n<li>Cookies de sesi\u00f3n, para garantizar que los usuarios que escriben comentarios en el blog son humanos y no aplicaciones automatizadas. Esto ayuda a combatir el spam.<\/li>\n<\/ul>\n\n\n\n<p style=\"margin-top:0px;margin-bottom:0px\">Este sitio web utiliza las siguientes <strong>cookies de terceros:<\/strong><\/p>\n\n\n\n<ul class=\"wp-block-list\">\n<li>Google Analytics: Almacena cookies para poder elaborar estad\u00edsticas sobre el tr\u00e1fico y volumen de visitas de esta web. Al utilizar este sitio web est\u00e1 consintiendo el tratamiento de informaci\u00f3n acerca de usted por Google. Por tanto, el ejercicio de cualquier derecho en este sentido deber\u00e1 hacerlo comunicando directamente con Google.<\/li>\n\n\n\n<li>Redes sociales: Cada red social utiliza sus propias cookies para que puedas hacer clic en los botones Me gusta o Compartir.<\/li>\n<\/ul>\n\n\n\n<div class=\"wp-block-uagb-advanced-heading uagb-block-9b82ffe5\"><h2 class=\"uagb-heading-text\">Deshabilitar o eliminar cookies<\/h2><\/div>\n\n\n\n<p style=\"margin-top:0px;margin-bottom:0px\">Puede ejercer su derecho a desactivar o eliminar las cookies de este sitio web en cualquier momento. Estas acciones se realizan de forma diferente en funci\u00f3n del navegador que est\u00e9 utilizando. Aqu\u00ed tiene una gu\u00eda r\u00e1pida para los navegadores m\u00e1s populares.<\/p>\n\n\n\n<div class=\"wp-block-uagb-advanced-heading uagb-block-41cef68e\"><h2 class=\"uagb-heading-text\">Notas adicionales<\/h2><\/div>\n\n\n\n<ul class=\"wp-block-list\">\n<li>Ni esta web ni sus representantes legales se hacen responsables ni del contenido ni de la veracidad de las pol\u00edticas de privacidad que puedan tener los terceros mencionados en esta pol\u00edtica de cookies.<\/li>\n\n\n\n<li>Los navegadores web son las herramientas encargadas de almacenar las cookies y desde este lugar debe efectuar su derecho a eliminaci\u00f3n o desactivaci\u00f3n de las mismas. Ni esta web ni sus representantes legales pueden garantizar la correcta o incorrecta manipulaci\u00f3n de las cookies por parte de los mencionados navegadores.<\/li>\n\n\n\n<li>En algunos casos es necesario instalar cookies para que el navegador no olvide su decisi\u00f3n de no aceptarlas.<\/li>\n\n\n\n<li>En el caso de las cookies de Google Analytics, Google almacena las cookies en servidores ubicados en Estados Unidos y se compromete a no compartirla con terceros, excepto en los casos en los que sea necesario para el funcionamiento del sistema o cuando la ley obligue a tal efecto. Seg\u00fan Google, Google no almacena su direcci\u00f3n IP. Google Inc. es signataria del Acuerdo de Puerto Seguro que garantiza que todos los datos transferidos ser\u00e1n tratados con un nivel de protecci\u00f3n acorde a la normativa europea. Puede encontrar informaci\u00f3n detallada al respecto en este enlace. Si desea informaci\u00f3n sobre el uso que Google da a las cookies le adjuntamos este otro enlace.<\/li>\n\n\n\n<li>Para cualquier duda o consulta acerca de esta pol\u00edtica de cookies no dude en comunicarse con nosotros a trav\u00e9s de la secci\u00f3n de contacto.<\/li>\n<\/ul>\n<\/div><\/div>\n","protected":false},"excerpt":{"rendered":"<p>pol\u00edtica de cookies Una cookie es un peque\u00f1o fichero de texto que se almacena en su navegador cuando visita casi cualquier p\u00e1gina web. Su utilidad es que el sitio web sea capaz de recordar su visita cuando vuelva a navegar por esa p\u00e1gina. Las cookies suelen almacenar informaci\u00f3n de car\u00e1cter t\u00e9cnico, preferencias personales, personalizaci\u00f3n de [&hellip;]<\/p>\n","protected":false},"author":1,"featured_media":0,"parent":0,"menu_order":0,"comment_status":"closed","ping_status":"closed","template":"","meta":{"_uag_custom_page_level_css":"","site-sidebar-layout":"default","site-content-layout":"","ast-site-content-layout":"default","site-content-style":"default","site-sidebar-style":"default","ast-global-header-display":"","ast-banner-title-visibility":"","ast-main-header-display":"","ast-hfb-above-header-display":"","ast-hfb-below-header-display":"","ast-hfb-mobile-header-display":"","site-post-title":"disabled","ast-breadcrumbs-content":"","ast-featured-img":"","footer-sml-layout":"","theme-transparent-header-meta":"","adv-header-id-meta":"","stick-header-meta":"","header-above-stick-meta":"","header-main-stick-meta":"","header-below-stick-meta":"","astra-migrate-meta-layouts":"set","ast-page-background-enabled":"default","ast-page-background-meta":{"desktop":{"background-color":"","background-image":"","background-repeat":"repeat","background-position":"center center","background-size":"auto","background-attachment":"scroll","background-type":"","background-media":"","overlay-type":"","overlay-color":"","overlay-opacity":"","overlay-gradient":""},"tablet":{"background-color":"","background-image":"","background-repeat":"repeat","background-position":"center center","background-size":"auto","background-attachment":"scroll","background-type":"","background-media":"","overlay-type":"","overlay-color":"","overlay-opacity":"","overlay-gradient":""},"mobile":{"background-color":"","background-image":"","background-repeat":"repeat","background-position":"center center","background-size":"auto","background-attachment":"scroll","background-type":"","background-media":"","overlay-type":"","overlay-color":"","overlay-opacity":"","overlay-gradient":""}},"ast-content-background-meta":{"desktop":{"background-color":"var(--ast-global-color-5)","background-image":"","background-repeat":"repeat","background-position":"center center","background-size":"auto","background-attachment":"scroll","background-type":"","background-media":"","overlay-type":"","overlay-color":"","overlay-opacity":"","overlay-gradient":""},"tablet":{"background-color":"var(--ast-global-color-5)","background-image":"","background-repeat":"repeat","background-position":"center center","background-size":"auto","background-attachment":"scroll","background-type":"","background-media":"","overlay-type":"","overlay-color":"","overlay-opacity":"","overlay-gradient":""},"mobile":{"background-color":"var(--ast-global-color-5)","background-image":"","background-repeat":"repeat","background-position":"center center","background-size":"auto","background-attachment":"scroll","background-type":"","background-media":"","overlay-type":"","overlay-color":"","overlay-opacity":"","overlay-gradient":""}},"footnotes":""},"class_list":["post-27777","page","type-page","status-publish","hentry"],"yoast_head":"<!-- This site is optimized with the Yoast SEO plugin v27.5 - https:\/\/yoast.com\/product\/yoast-seo-wordpress\/ -->\n<title>Pol\u00edtica de cookies - Condals Group<\/title>\n<meta name=\"robots\" content=\"noindex, follow\" \/>\n<meta property=\"og:locale\" content=\"es_ES\" \/>\n<meta property=\"og:type\" content=\"article\" \/>\n<meta property=\"og:title\" content=\"Pol\u00edtica de cookies - Condals Group\" \/>\n<meta property=\"og:description\" content=\"pol\u00edtica de cookies Una cookie es un peque\u00f1o fichero de texto que se almacena en su navegador cuando visita casi cualquier p\u00e1gina web. Su utilidad es que el sitio web sea capaz de recordar su visita cuando vuelva a navegar por esa p\u00e1gina. Las cookies suelen almacenar informaci\u00f3n de car\u00e1cter t\u00e9cnico, preferencias personales, personalizaci\u00f3n de [&hellip;]\" \/>\n<meta property=\"og:url\" content=\"https:\/\/www.condalsgroup.com\/es\/politica-de-cookies\/\" \/>\n<meta property=\"og:site_name\" content=\"Condals Group\" \/>\n<meta property=\"article:modified_time\" content=\"2024-09-16T07:09:04+00:00\" \/>\n<meta property=\"og:image\" content=\"https:\/\/www.condalsgroup.com\/wp-content\/uploads\/2024\/07\/cropped-Logo-Container.png\" \/>\n\t<meta property=\"og:image:width\" content=\"148\" \/>\n\t<meta property=\"og:image:height\" content=\"49\" \/>\n\t<meta property=\"og:image:type\" content=\"image\/png\" \/>\n<meta name=\"twitter:card\" content=\"summary_large_image\" \/>\n<meta name=\"twitter:label1\" content=\"Tiempo de lectura\" \/>\n\t<meta name=\"twitter:data1\" content=\"3 minutos\" \/>\n<script type=\"application\/ld+json\" class=\"yoast-schema-graph\">{\"@context\":\"https:\\\/\\\/schema.org\",\"@graph\":[{\"@type\":\"WebPage\",\"@id\":\"https:\\\/\\\/www.condalsgroup.com\\\/es\\\/politica-de-cookies\\\/\",\"url\":\"https:\\\/\\\/www.condalsgroup.com\\\/es\\\/politica-de-cookies\\\/\",\"name\":\"Pol\u00edtica de cookies - Condals Group\",\"isPartOf\":{\"@id\":\"https:\\\/\\\/www.condalsgroup.com\\\/es\\\/#website\"},\"datePublished\":\"2024-07-18T13:13:46+00:00\",\"dateModified\":\"2024-09-16T07:09:04+00:00\",\"breadcrumb\":{\"@id\":\"https:\\\/\\\/www.condalsgroup.com\\\/es\\\/politica-de-cookies\\\/#breadcrumb\"},\"inLanguage\":\"es\",\"potentialAction\":[{\"@type\":\"ReadAction\",\"target\":[\"https:\\\/\\\/www.condalsgroup.com\\\/es\\\/politica-de-cookies\\\/\"]}]},{\"@type\":\"BreadcrumbList\",\"@id\":\"https:\\\/\\\/www.condalsgroup.com\\\/es\\\/politica-de-cookies\\\/#breadcrumb\",\"itemListElement\":[{\"@type\":\"ListItem\",\"position\":1,\"name\":\"Home\",\"item\":\"https:\\\/\\\/www.condalsgroup.com\\\/es\\\/\"},{\"@type\":\"ListItem\",\"position\":2,\"name\":\"Pol\u00edtica de cookies\"}]},{\"@type\":\"WebSite\",\"@id\":\"https:\\\/\\\/www.condalsgroup.com\\\/es\\\/#website\",\"url\":\"https:\\\/\\\/www.condalsgroup.com\\\/es\\\/\",\"name\":\"Condals Group\",\"description\":\"\",\"publisher\":{\"@id\":\"https:\\\/\\\/www.condalsgroup.com\\\/es\\\/#organization\"},\"potentialAction\":[{\"@type\":\"SearchAction\",\"target\":{\"@type\":\"EntryPoint\",\"urlTemplate\":\"https:\\\/\\\/www.condalsgroup.com\\\/es\\\/?s={search_term_string}\"},\"query-input\":{\"@type\":\"PropertyValueSpecification\",\"valueRequired\":true,\"valueName\":\"search_term_string\"}}],\"inLanguage\":\"es\"},{\"@type\":\"Organization\",\"@id\":\"https:\\\/\\\/www.condalsgroup.com\\\/es\\\/#organization\",\"name\":\"Condals Group\",\"url\":\"https:\\\/\\\/www.condalsgroup.com\\\/es\\\/\",\"logo\":{\"@type\":\"ImageObject\",\"inLanguage\":\"es\",\"@id\":\"https:\\\/\\\/www.condalsgroup.com\\\/es\\\/#\\\/schema\\\/logo\\\/image\\\/\",\"url\":\"https:\\\/\\\/www.condalsgroup.com\\\/wp-content\\\/uploads\\\/2024\\\/07\\\/cropped-Logo-Container.png\",\"contentUrl\":\"https:\\\/\\\/www.condalsgroup.com\\\/wp-content\\\/uploads\\\/2024\\\/07\\\/cropped-Logo-Container.png\",\"width\":148,\"height\":49,\"caption\":\"Condals Group\"},\"image\":{\"@id\":\"https:\\\/\\\/www.condalsgroup.com\\\/es\\\/#\\\/schema\\\/logo\\\/image\\\/\"},\"sameAs\":[\"https:\\\/\\\/es.linkedin.com\\\/company\\\/condalsgroup\",\"https:\\\/\\\/www.youtube.com\\\/channel\\\/UCYec9VCV4aKMOsm6RXFUjtQ\"]}]}<\/script>\n<!-- \/ Yoast SEO plugin. -->","yoast_head_json":{"title":"Pol\u00edtica de cookies - Condals Group","robots":{"index":"noindex","follow":"follow"},"og_locale":"es_ES","og_type":"article","og_title":"Pol\u00edtica de cookies - Condals Group","og_description":"pol\u00edtica de cookies Una cookie es un peque\u00f1o fichero de texto que se almacena en su navegador cuando visita casi cualquier p\u00e1gina web. Su utilidad es que el sitio web sea capaz de recordar su visita cuando vuelva a navegar por esa p\u00e1gina. Las cookies suelen almacenar informaci\u00f3n de car\u00e1cter t\u00e9cnico, preferencias personales, personalizaci\u00f3n de [&hellip;]","og_url":"https:\/\/www.condalsgroup.com\/es\/politica-de-cookies\/","og_site_name":"Condals Group","article_modified_time":"2024-09-16T07:09:04+00:00","og_image":[{"width":148,"height":49,"url":"https:\/\/www.condalsgroup.com\/wp-content\/uploads\/2024\/07\/cropped-Logo-Container.png","type":"image\/png"}],"twitter_card":"summary_large_image","twitter_misc":{"Tiempo de lectura":"3 minutos"},"schema":{"@context":"https:\/\/schema.org","@graph":[{"@type":"WebPage","@id":"https:\/\/www.condalsgroup.com\/es\/politica-de-cookies\/","url":"https:\/\/www.condalsgroup.com\/es\/politica-de-cookies\/","name":"Pol\u00edtica de cookies - Condals Group","isPartOf":{"@id":"https:\/\/www.condalsgroup.com\/es\/#website"},"datePublished":"2024-07-18T13:13:46+00:00","dateModified":"2024-09-16T07:09:04+00:00","breadcrumb":{"@id":"https:\/\/www.condalsgroup.com\/es\/politica-de-cookies\/#breadcrumb"},"inLanguage":"es","potentialAction":[{"@type":"ReadAction","target":["https:\/\/www.condalsgroup.com\/es\/politica-de-cookies\/"]}]},{"@type":"BreadcrumbList","@id":"https:\/\/www.condalsgroup.com\/es\/politica-de-cookies\/#breadcrumb","itemListElement":[{"@type":"ListItem","position":1,"name":"Home","item":"https:\/\/www.condalsgroup.com\/es\/"},{"@type":"ListItem","position":2,"name":"Pol\u00edtica de cookies"}]},{"@type":"WebSite","@id":"https:\/\/www.condalsgroup.com\/es\/#website","url":"https:\/\/www.condalsgroup.com\/es\/","name":"Condals Group","description":"","publisher":{"@id":"https:\/\/www.condalsgroup.com\/es\/#organization"},"potentialAction":[{"@type":"SearchAction","target":{"@type":"EntryPoint","urlTemplate":"https:\/\/www.condalsgroup.com\/es\/?s={search_term_string}"},"query-input":{"@type":"PropertyValueSpecification","valueRequired":true,"valueName":"search_term_string"}}],"inLanguage":"es"},{"@type":"Organization","@id":"https:\/\/www.condalsgroup.com\/es\/#organization","name":"Condals Group","url":"https:\/\/www.condalsgroup.com\/es\/","logo":{"@type":"ImageObject","inLanguage":"es","@id":"https:\/\/www.condalsgroup.com\/es\/#\/schema\/logo\/image\/","url":"https:\/\/www.condalsgroup.com\/wp-content\/uploads\/2024\/07\/cropped-Logo-Container.png","contentUrl":"https:\/\/www.condalsgroup.com\/wp-content\/uploads\/2024\/07\/cropped-Logo-Container.png","width":148,"height":49,"caption":"Condals Group"},"image":{"@id":"https:\/\/www.condalsgroup.com\/es\/#\/schema\/logo\/image\/"},"sameAs":["https:\/\/es.linkedin.com\/company\/condalsgroup","https:\/\/www.youtube.com\/channel\/UCYec9VCV4aKMOsm6RXFUjtQ"]}]}},"uagb_featured_image_src":{"full":false,"thumbnail":false,"medium":false,"medium_large":false,"large":false,"1536x1536":false,"2048x2048":false},"uagb_author_info":{"display_name":"bchong@devel8.com","author_link":"https:\/\/www.condalsgroup.com\/es\/author\/bchongdevel8-com\/"},"uagb_comment_info":0,"uagb_excerpt":"pol\u00edtica de cookies Una cookie es un peque\u00f1o fichero de texto que se almacena en su navegador cuando visita casi cualquier p\u00e1gina web. Su utilidad es que el sitio web sea capaz de recordar su visita cuando vuelva a navegar por esa p\u00e1gina. Las cookies suelen almacenar informaci\u00f3n de car\u00e1cter t\u00e9cnico, preferencias personales, personalizaci\u00f3n de&hellip;","_links":{"self":[{"href":"https:\/\/www.condalsgroup.com\/es\/wp-json\/wp\/v2\/pages\/27777","targetHints":{"allow":["GET"]}}],"collection":[{"href":"https:\/\/www.condalsgroup.com\/es\/wp-json\/wp\/v2\/pages"}],"about":[{"href":"https:\/\/www.condalsgroup.com\/es\/wp-json\/wp\/v2\/types\/page"}],"author":[{"embeddable":true,"href":"https:\/\/www.condalsgroup.com\/es\/wp-json\/wp\/v2\/users\/1"}],"replies":[{"embeddable":true,"href":"https:\/\/www.condalsgroup.com\/es\/wp-json\/wp\/v2\/comments?post=27777"}],"version-history":[{"count":2,"href":"https:\/\/www.condalsgroup.com\/es\/wp-json\/wp\/v2\/pages\/27777\/revisions"}],"predecessor-version":[{"id":27780,"href":"https:\/\/www.condalsgroup.com\/es\/wp-json\/wp\/v2\/pages\/27777\/revisions\/27780"}],"wp:attachment":[{"href":"https:\/\/www.condalsgroup.com\/es\/wp-json\/wp\/v2\/media?parent=27777"}],"curies":[{"name":"wp","href":"https:\/\/api.w.org\/{rel}","templated":true}]}}