{"id":27773,"date":"2024-07-08T09:35:43","date_gmt":"2024-07-08T09:35:43","guid":{"rendered":"https:\/\/condals.devel8.com\/privacy-policy\/"},"modified":"2024-09-16T07:08:29","modified_gmt":"2024-09-16T07:08:29","slug":"politica-privacidad","status":"publish","type":"page","link":"https:\/\/www.condalsgroup.com\/es\/politica-privacidad\/","title":{"rendered":"Pol\u00edtica de privacidad"},"content":{"rendered":"\n<div class=\"wp-block-uagb-container custom-link-color uagb-block-56994f5f alignfull uagb-is-root-container\"><div class=\"uagb-container-inner-blocks-wrap\">\n<div class=\"wp-block-uagb-info-box uagb-block-7d9c3cf2 uagb-infobox__content-wrap  uagb-infobox-icon-above-title uagb-infobox-image-valign-top\"><div class=\"uagb-ifb-content\"><div class=\"uagb-ifb-title-wrap\"><h3 class=\"uagb-ifb-title\">Pol\u00edtica de privacidad<\/h3><\/div><p class=\"uagb-ifb-desc\">Condals Group, propietario del sitio web y en adelante &#8216;Condals Group&#8217;, informa a los usuarios del sitio web sobre su pol\u00edtica respecto del tratamiento y protecci\u00f3n de los datos de car\u00e1cter personal de los usuarios y clientes que puedan ser recabados por la navegaci\u00f3n o contrataci\u00f3n de servicios a trav\u00e9s de su sitio web.<br>En este sentido, Condals Group garantiza el cumplimiento de la normativa vigente en materia de protecci\u00f3n de datos personales, reflejada en la Ley Org\u00e1nica 15\/1999 de 13 de diciembre, de Protecci\u00f3n de Datos de Car\u00e1cter Personal y en el Real Decreto 1720\/2007, de 21 de diciembre, por el que se aprueba el Reglamento de Desarrollo de la LOPD. El uso de este sitio web implica la aceptaci\u00f3n de esta pol\u00edtica de privacidad.<br>\u00a0<br><strong>Recogida, finalidad y tratamiento de los datos<br><\/strong>Condals Group tiene el deber de informar a los usuarios de su sitio web acerca de la recogida de datos de car\u00e1cter personal que pueden llevarse a cabo, bien sea mediante el env\u00edo de correo electr\u00f3nico o al cumplimentar los formularios incluidos en el sitio web. En este sentido, Condals Group ser\u00e1 considerada como responsable de los datos recabados mediante los medios anteriormente descritos.<br>A su vez Condals Group informa a los usuarios de que la finalidad del tratamiento de los datos<br>recabados contempla: La atenci\u00f3n de solicitudes realizadas por los usuarios, la inclusi\u00f3n en la agenda de contactos, la prestaci\u00f3n de servicios y la gesti\u00f3n de la relaci\u00f3n comercial.<br>Las operaciones, gestiones y procedimientos t\u00e9cnicos que se realicen de forma automatizada o no automatizada y que posibiliten la recogida, el almacenamiento, la modificaci\u00f3n, la transferencia y otras acciones sobre datos de car\u00e1cter personal, tienen la consideraci\u00f3n de tratamiento de datos personales.<br>Todos los datos personales, que sean recogidos a trav\u00e9s del sitio web del Condals Group, y por tanto<br>tanto, tienen la consideraci\u00f3n de tratamiento de datos de car\u00e1cter personal, ser\u00e1n incorporados a los ficheros declarados ante la Agencia Espa\u00f1ola de Protecci\u00f3n de Datos por Condals Group .<br>\u00a0<br><strong>Comunicaci\u00f3n de informaci\u00f3n a terceros<br><\/strong>Condals Group informa a los usuarios de que sus datos personales no ser\u00e1n cedidos a terceras organizaciones, con la salvedad de que dicha cesi\u00f3n de datos este amparada en una obligaci\u00f3n legal o cuando la prestaci\u00f3n de un servicio implique la necesidad de una relaci\u00f3n contractual con un encargado de tratamiento. En este \u00faltimo caso, solo se llevar\u00e1 a cabo la cesi\u00f3n de datos al tercero cuando Condals Group disponga del consentimiento expreso del usuario.<br>\u00a0<br><strong>Derechos de los usuarios<br><\/strong>La Ley Org\u00e1nica 15\/1999, de 13 de diciembre, de Protecci\u00f3n de Datos de Car\u00e1cter Personal, otorga a los interesados la posibilidad de ejercer una serie de derechos relacionados con el tratamiento de sus datos personales.<br>En tanto en cuanto los datos del usuario son objeto de tratamiento por parte del Condals Group. El usuario podr\u00e1 ejercitar sus derechos de acceso, rectificaci\u00f3n, cancelaci\u00f3n y oposici\u00f3n con arreglo a lo previsto en la normativa vigente en materia de protecci\u00f3n de datos personales.<br>Para hacer uso del ejercicio de estos derechos, el usuario deber\u00e1 dirigir una comunicaci\u00f3n escrita, aportando documentaci\u00f3n que acredite su identidad (DNI o pasaporte), a la siguiente direcci\u00f3n: Grupo Condals, Pol. Ind. Els Condals, C-55, Km. 25, Manresa 08241 o la direcci\u00f3n que sea sustituida en el Registro General de Protecci\u00f3n de Datos. Dicha comunicaci\u00f3n deber\u00e1 incluir la siguiente informaci\u00f3n Nombre y apellidos del usuario, la solicitud, domicilio y datos acreditativos.<br>El ejercicio de los derechos deber\u00e1 ser realizado por el propio usuario. No obstante, podr\u00e1n ser ejecutados por una persona autorizada como representante legal del mismo. En este caso, deber\u00e1 aportarse la documentaci\u00f3n que acredite dicha representaci\u00f3n del interesado.<\/p><\/div><\/div>\n<\/div><\/div>\n","protected":false},"excerpt":{"rendered":"","protected":false},"author":1,"featured_media":0,"parent":0,"menu_order":0,"comment_status":"closed","ping_status":"open","template":"","meta":{"_uag_custom_page_level_css":"","site-sidebar-layout":"default","site-content-layout":"","ast-site-content-layout":"default","site-content-style":"default","site-sidebar-style":"default","ast-global-header-display":"","ast-banner-title-visibility":"","ast-main-header-display":"","ast-hfb-above-header-display":"","ast-hfb-below-header-display":"","ast-hfb-mobile-header-display":"","site-post-title":"disabled","ast-breadcrumbs-content":"","ast-featured-img":"","footer-sml-layout":"","theme-transparent-header-meta":"","adv-header-id-meta":"","stick-header-meta":"","header-above-stick-meta":"","header-main-stick-meta":"","header-below-stick-meta":"","astra-migrate-meta-layouts":"set","ast-page-background-enabled":"default","ast-page-background-meta":{"desktop":{"background-color":"","background-image":"","background-repeat":"repeat","background-position":"center center","background-size":"auto","background-attachment":"scroll","background-type":"","background-media":"","overlay-type":"","overlay-color":"","overlay-opacity":"","overlay-gradient":""},"tablet":{"background-color":"","background-image":"","background-repeat":"repeat","background-position":"center center","background-size":"auto","background-attachment":"scroll","background-type":"","background-media":"","overlay-type":"","overlay-color":"","overlay-opacity":"","overlay-gradient":""},"mobile":{"background-color":"","background-image":"","background-repeat":"repeat","background-position":"center center","background-size":"auto","background-attachment":"scroll","background-type":"","background-media":"","overlay-type":"","overlay-color":"","overlay-opacity":"","overlay-gradient":""}},"ast-content-background-meta":{"desktop":{"background-color":"var(--ast-global-color-5)","background-image":"","background-repeat":"repeat","background-position":"center center","background-size":"auto","background-attachment":"scroll","background-type":"","background-media":"","overlay-type":"","overlay-color":"","overlay-opacity":"","overlay-gradient":""},"tablet":{"background-color":"var(--ast-global-color-5)","background-image":"","background-repeat":"repeat","background-position":"center center","background-size":"auto","background-attachment":"scroll","background-type":"","background-media":"","overlay-type":"","overlay-color":"","overlay-opacity":"","overlay-gradient":""},"mobile":{"background-color":"var(--ast-global-color-5)","background-image":"","background-repeat":"repeat","background-position":"center center","background-size":"auto","background-attachment":"scroll","background-type":"","background-media":"","overlay-type":"","overlay-color":"","overlay-opacity":"","overlay-gradient":""}},"footnotes":""},"class_list":["post-27773","page","type-page","status-publish","hentry"],"yoast_head":"<!-- This site is optimized with the Yoast SEO plugin v27.6 - https:\/\/yoast.com\/product\/yoast-seo-wordpress\/ -->\n<title>Pol\u00edtica de privacidad - Condals Group<\/title>\n<meta name=\"robots\" content=\"noindex, follow\" \/>\n<meta property=\"og:locale\" content=\"es_ES\" \/>\n<meta property=\"og:type\" content=\"article\" \/>\n<meta property=\"og:title\" content=\"Pol\u00edtica de privacidad - Condals Group\" \/>\n<meta property=\"og:url\" content=\"https:\/\/www.condalsgroup.com\/es\/politica-privacidad\/\" \/>\n<meta property=\"og:site_name\" content=\"Condals Group\" \/>\n<meta property=\"article:modified_time\" content=\"2024-09-16T07:08:29+00:00\" \/>\n<meta property=\"og:image\" content=\"https:\/\/www.condalsgroup.com\/wp-content\/uploads\/2024\/07\/cropped-Logo-Container.png\" \/>\n\t<meta property=\"og:image:width\" content=\"148\" \/>\n\t<meta property=\"og:image:height\" content=\"49\" \/>\n\t<meta property=\"og:image:type\" content=\"image\/png\" \/>\n<meta name=\"twitter:card\" content=\"summary_large_image\" \/>\n<meta name=\"twitter:label1\" content=\"Tiempo de lectura\" \/>\n\t<meta name=\"twitter:data1\" content=\"3 minutos\" \/>\n<script type=\"application\/ld+json\" class=\"yoast-schema-graph\">{\"@context\":\"https:\\\/\\\/schema.org\",\"@graph\":[{\"@type\":\"WebPage\",\"@id\":\"https:\\\/\\\/www.condalsgroup.com\\\/es\\\/politica-privacidad\\\/\",\"url\":\"https:\\\/\\\/www.condalsgroup.com\\\/es\\\/politica-privacidad\\\/\",\"name\":\"Pol\u00edtica de privacidad - Condals Group\",\"isPartOf\":{\"@id\":\"https:\\\/\\\/www.condalsgroup.com\\\/es\\\/#website\"},\"datePublished\":\"2024-07-08T09:35:43+00:00\",\"dateModified\":\"2024-09-16T07:08:29+00:00\",\"breadcrumb\":{\"@id\":\"https:\\\/\\\/www.condalsgroup.com\\\/es\\\/politica-privacidad\\\/#breadcrumb\"},\"inLanguage\":\"es\",\"potentialAction\":[{\"@type\":\"ReadAction\",\"target\":[\"https:\\\/\\\/www.condalsgroup.com\\\/es\\\/politica-privacidad\\\/\"]}]},{\"@type\":\"BreadcrumbList\",\"@id\":\"https:\\\/\\\/www.condalsgroup.com\\\/es\\\/politica-privacidad\\\/#breadcrumb\",\"itemListElement\":[{\"@type\":\"ListItem\",\"position\":1,\"name\":\"Home\",\"item\":\"https:\\\/\\\/www.condalsgroup.com\\\/es\\\/\"},{\"@type\":\"ListItem\",\"position\":2,\"name\":\"Pol\u00edtica de privacidad\"}]},{\"@type\":\"WebSite\",\"@id\":\"https:\\\/\\\/www.condalsgroup.com\\\/es\\\/#website\",\"url\":\"https:\\\/\\\/www.condalsgroup.com\\\/es\\\/\",\"name\":\"Condals Group\",\"description\":\"\",\"publisher\":{\"@id\":\"https:\\\/\\\/www.condalsgroup.com\\\/es\\\/#organization\"},\"potentialAction\":[{\"@type\":\"SearchAction\",\"target\":{\"@type\":\"EntryPoint\",\"urlTemplate\":\"https:\\\/\\\/www.condalsgroup.com\\\/es\\\/?s={search_term_string}\"},\"query-input\":{\"@type\":\"PropertyValueSpecification\",\"valueRequired\":true,\"valueName\":\"search_term_string\"}}],\"inLanguage\":\"es\"},{\"@type\":\"Organization\",\"@id\":\"https:\\\/\\\/www.condalsgroup.com\\\/es\\\/#organization\",\"name\":\"Condals Group\",\"url\":\"https:\\\/\\\/www.condalsgroup.com\\\/es\\\/\",\"logo\":{\"@type\":\"ImageObject\",\"inLanguage\":\"es\",\"@id\":\"https:\\\/\\\/www.condalsgroup.com\\\/es\\\/#\\\/schema\\\/logo\\\/image\\\/\",\"url\":\"https:\\\/\\\/www.condalsgroup.com\\\/wp-content\\\/uploads\\\/2024\\\/07\\\/cropped-Logo-Container.png\",\"contentUrl\":\"https:\\\/\\\/www.condalsgroup.com\\\/wp-content\\\/uploads\\\/2024\\\/07\\\/cropped-Logo-Container.png\",\"width\":148,\"height\":49,\"caption\":\"Condals Group\"},\"image\":{\"@id\":\"https:\\\/\\\/www.condalsgroup.com\\\/es\\\/#\\\/schema\\\/logo\\\/image\\\/\"},\"sameAs\":[\"https:\\\/\\\/es.linkedin.com\\\/company\\\/condalsgroup\",\"https:\\\/\\\/www.youtube.com\\\/channel\\\/UCYec9VCV4aKMOsm6RXFUjtQ\"]}]}<\/script>\n<!-- \/ Yoast SEO plugin. -->","yoast_head_json":{"title":"Pol\u00edtica de privacidad - Condals Group","robots":{"index":"noindex","follow":"follow"},"og_locale":"es_ES","og_type":"article","og_title":"Pol\u00edtica de privacidad - Condals Group","og_url":"https:\/\/www.condalsgroup.com\/es\/politica-privacidad\/","og_site_name":"Condals Group","article_modified_time":"2024-09-16T07:08:29+00:00","og_image":[{"width":148,"height":49,"url":"https:\/\/www.condalsgroup.com\/wp-content\/uploads\/2024\/07\/cropped-Logo-Container.png","type":"image\/png"}],"twitter_card":"summary_large_image","twitter_misc":{"Tiempo de lectura":"3 minutos"},"schema":{"@context":"https:\/\/schema.org","@graph":[{"@type":"WebPage","@id":"https:\/\/www.condalsgroup.com\/es\/politica-privacidad\/","url":"https:\/\/www.condalsgroup.com\/es\/politica-privacidad\/","name":"Pol\u00edtica de privacidad - Condals Group","isPartOf":{"@id":"https:\/\/www.condalsgroup.com\/es\/#website"},"datePublished":"2024-07-08T09:35:43+00:00","dateModified":"2024-09-16T07:08:29+00:00","breadcrumb":{"@id":"https:\/\/www.condalsgroup.com\/es\/politica-privacidad\/#breadcrumb"},"inLanguage":"es","potentialAction":[{"@type":"ReadAction","target":["https:\/\/www.condalsgroup.com\/es\/politica-privacidad\/"]}]},{"@type":"BreadcrumbList","@id":"https:\/\/www.condalsgroup.com\/es\/politica-privacidad\/#breadcrumb","itemListElement":[{"@type":"ListItem","position":1,"name":"Home","item":"https:\/\/www.condalsgroup.com\/es\/"},{"@type":"ListItem","position":2,"name":"Pol\u00edtica de privacidad"}]},{"@type":"WebSite","@id":"https:\/\/www.condalsgroup.com\/es\/#website","url":"https:\/\/www.condalsgroup.com\/es\/","name":"Condals Group","description":"","publisher":{"@id":"https:\/\/www.condalsgroup.com\/es\/#organization"},"potentialAction":[{"@type":"SearchAction","target":{"@type":"EntryPoint","urlTemplate":"https:\/\/www.condalsgroup.com\/es\/?s={search_term_string}"},"query-input":{"@type":"PropertyValueSpecification","valueRequired":true,"valueName":"search_term_string"}}],"inLanguage":"es"},{"@type":"Organization","@id":"https:\/\/www.condalsgroup.com\/es\/#organization","name":"Condals Group","url":"https:\/\/www.condalsgroup.com\/es\/","logo":{"@type":"ImageObject","inLanguage":"es","@id":"https:\/\/www.condalsgroup.com\/es\/#\/schema\/logo\/image\/","url":"https:\/\/www.condalsgroup.com\/wp-content\/uploads\/2024\/07\/cropped-Logo-Container.png","contentUrl":"https:\/\/www.condalsgroup.com\/wp-content\/uploads\/2024\/07\/cropped-Logo-Container.png","width":148,"height":49,"caption":"Condals Group"},"image":{"@id":"https:\/\/www.condalsgroup.com\/es\/#\/schema\/logo\/image\/"},"sameAs":["https:\/\/es.linkedin.com\/company\/condalsgroup","https:\/\/www.youtube.com\/channel\/UCYec9VCV4aKMOsm6RXFUjtQ"]}]}},"uagb_featured_image_src":{"full":false,"thumbnail":false,"medium":false,"medium_large":false,"large":false,"1536x1536":false,"2048x2048":false},"uagb_author_info":{"display_name":"bchong@devel8.com","author_link":"https:\/\/www.condalsgroup.com\/es\/author\/bchongdevel8-com\/"},"uagb_comment_info":0,"uagb_excerpt":null,"_links":{"self":[{"href":"https:\/\/www.condalsgroup.com\/es\/wp-json\/wp\/v2\/pages\/27773","targetHints":{"allow":["GET"]}}],"collection":[{"href":"https:\/\/www.condalsgroup.com\/es\/wp-json\/wp\/v2\/pages"}],"about":[{"href":"https:\/\/www.condalsgroup.com\/es\/wp-json\/wp\/v2\/types\/page"}],"author":[{"embeddable":true,"href":"https:\/\/www.condalsgroup.com\/es\/wp-json\/wp\/v2\/users\/1"}],"replies":[{"embeddable":true,"href":"https:\/\/www.condalsgroup.com\/es\/wp-json\/wp\/v2\/comments?post=27773"}],"version-history":[{"count":2,"href":"https:\/\/www.condalsgroup.com\/es\/wp-json\/wp\/v2\/pages\/27773\/revisions"}],"predecessor-version":[{"id":27776,"href":"https:\/\/www.condalsgroup.com\/es\/wp-json\/wp\/v2\/pages\/27773\/revisions\/27776"}],"wp:attachment":[{"href":"https:\/\/www.condalsgroup.com\/es\/wp-json\/wp\/v2\/media?parent=27773"}],"curies":[{"name":"wp","href":"https:\/\/api.w.org\/{rel}","templated":true}]}}