{"id":27749,"date":"2024-07-16T08:47:55","date_gmt":"2024-07-16T08:47:55","guid":{"rendered":"https:\/\/condals.devel8.com\/innovation\/"},"modified":"2024-09-16T09:23:03","modified_gmt":"2024-09-16T09:23:03","slug":"innovacion","status":"publish","type":"page","link":"https:\/\/www.condalsgroup.com\/es\/innovacion\/","title":{"rendered":"Innovaci\u00f3n"},"content":{"rendered":"\n<div class=\"wp-block-uagb-container uagb-block-uk87xmtp alignfull uagb-is-root-container\"><div class=\"uagb-container-inner-blocks-wrap\">\n<div class=\"wp-block-uagb-container uagb-block-9ca0af54\">\n<div class=\"wp-block-uagb-info-box uagb-block-e28df4c3 uagb-infobox__content-wrap  uagb-infobox-icon-above-title uagb-infobox-image-valign-top\"><div class=\"uagb-ifb-content\"><div class=\"uagb-ifb-title-wrap\"><h1 class=\"uagb-ifb-title\"><strong>INNOVACI\u00d3N<\/strong><\/h1><\/div><p class=\"uagb-ifb-desc\">En Condals Group, redefinimos la excelencia con innovaciones que importan, generando un impacto duradero en todas las industrias y comunidades. Nuestro compromiso: entregar tecnolog\u00eda de punta para un futuro sustentable.<br>&nbsp;<br>La innovaci\u00f3n no es solo parte de nuestra estrategia; est\u00e1 en el centro de todo lo que hacemos. Nuestro enfoque en la tecnolog\u00eda avanzada, la digitalizaci\u00f3n, la metalurgia de vanguardia y las pr\u00e1cticas ESG responsables nos sit\u00faan como l\u00edderes en el suministro de soluciones sostenibles y eficientes para los sectores de la automoci\u00f3n, el ferrocarril y la construcci\u00f3n.<\/p><\/div><\/div>\n<\/div>\n\n\n\n<div class=\"wp-block-uagb-container condals-chart uagb-block-2c3daaa0\">\n<div class=\"wp-block-uagb-image alignright uagb-block-c455a994 wp-block-uagb-image--layout-default wp-block-uagb-image--effect-static wp-block-uagb-image--align-right\"><figure class=\"wp-block-uagb-image__figure\"><img decoding=\"async\" srcset=\"https:\/\/www.condalsgroup.com\/wp-content\/uploads\/2024\/09\/innovacion.svg ,https:\/\/www.condalsgroup.com\/wp-content\/uploads\/2024\/09\/innovacion.svg 780w, https:\/\/www.condalsgroup.com\/wp-content\/uploads\/2024\/09\/innovacion.svg 360w\" sizes=\"auto, (max-width: 480px) 150px\" src=\"https:\/\/www.condalsgroup.com\/wp-content\/uploads\/2024\/09\/innovacion.svg\" alt=\"\" class=\"uag-image-27894\" width=\"500\" height=\"500\" title=\"innovaci\u00f3n\" loading=\"lazy\" role=\"img\"\/><\/figure><\/div>\n<\/div>\n<\/div><\/div>\n\n\n\n<div class=\"wp-block-uagb-container uagb-block-245572fa alignfull uagb-is-root-container\"><div class=\"uagb-container-inner-blocks-wrap\">\n<div class=\"wp-block-uagb-container uagb-block-1b71433d\">\n<div class=\"wp-block-uagb-info-box uagb-block-e89eadf8 uagb-infobox__content-wrap  uagb-infobox-icon-above-title uagb-infobox-image-valign-top\"><div class=\"uagb-ifb-content\"><div class=\"uagb-ifb-image-content\"><img decoding=\"async\" src=\"https:\/\/www.condalsgroup.com\/wp-content\/uploads\/2024\/07\/Icon-4.png\" alt=\"\" width=\"\" height=\"0\" loading=\"lazy\"\/><\/div><div class=\"uagb-ifb-title-wrap\"><h2 class=\"uagb-ifb-title\">Innovaci\u00f3n en tecnolog\u00eda<\/h2><\/div><p class=\"uagb-ifb-desc\">Aplicamos la \u00faltima tecnolog\u00eda disponible en el proceso productivo para optimizar los costes de producci\u00f3n y mejorar la calidad de nuestros productos.<\/p><\/div><\/div>\n<\/div>\n\n\n\n<div class=\"wp-block-uagb-container uagb-block-60449a59\">\n<div class=\"wp-block-uagb-info-box uagb-block-a48d4b16 uagb-infobox__content-wrap  uagb-infobox-icon-above-title uagb-infobox-image-valign-top\"><div class=\"uagb-ifb-content\"><div class=\"uagb-ifb-image-content\"><img decoding=\"async\" src=\"https:\/\/www.condalsgroup.com\/wp-content\/uploads\/2024\/07\/settings-01.png\" alt=\"\" width=\"\" height=\"0\" loading=\"lazy\"\/><\/div><div class=\"uagb-ifb-title-wrap\"><h2 class=\"uagb-ifb-title\">Innovaci\u00f3n en metalurgia<\/h2><\/div><p class=\"uagb-ifb-desc\">Aportamos experiencia en el dise\u00f1o de procesos productivos para estar a la vanguardia de la industria del metal.<br><br><\/p><\/div><\/div>\n<\/div>\n\n\n\n<div class=\"wp-block-uagb-container uagb-block-198e3636\">\n<div class=\"wp-block-uagb-info-box uagb-block-9e95f92d uagb-infobox__content-wrap  uagb-infobox-icon-above-title uagb-infobox-image-valign-top\"><div class=\"uagb-ifb-content\"><div class=\"uagb-ifb-image-content\"><img decoding=\"async\" src=\"https:\/\/www.condalsgroup.com\/wp-content\/uploads\/2024\/07\/eco.png\" alt=\"\" width=\"\" height=\"0\" loading=\"lazy\"\/><\/div><div class=\"uagb-ifb-title-wrap\"><h2 class=\"uagb-ifb-title\">Innovaci\u00f3n en sostenibilidad<\/h2><\/div><p class=\"uagb-ifb-desc\">Buscamos activamente alternativas para lograr una mayor circularidad en todos los materiales que de otro modo ser\u00edan tratados como residuos, con el objetivo de minimizar su impacto ambiental.<\/p><\/div><\/div>\n<\/div>\n\n\n\n<div class=\"wp-block-uagb-container uagb-block-ec32abab\">\n<div class=\"wp-block-uagb-info-box uagb-block-14fb4f6b uagb-infobox__content-wrap  uagb-infobox-icon-above-title uagb-infobox-image-valign-top\"><div class=\"uagb-ifb-content\"><div class=\"uagb-ifb-image-content\"><img decoding=\"async\" src=\"https:\/\/www.condalsgroup.com\/wp-content\/uploads\/2024\/07\/desktop_mac.png\" alt=\"\" width=\"\" height=\"0\" loading=\"lazy\"\/><\/div><div class=\"uagb-ifb-title-wrap\"><h2 class=\"uagb-ifb-title\">Innovaci\u00f3n en digitalizaci\u00f3n<\/h2><\/div><p class=\"uagb-ifb-desc\">Proporcionamos a nuestra organizaci\u00f3n cualquier herramienta digital que respalde y mejore nuestros procesos internos o de gesti\u00f3n de producci\u00f3n, como la IA y las decisiones basadas en datos.<\/p><\/div><\/div>\n<\/div>\n<\/div><\/div>\n","protected":false},"excerpt":{"rendered":"","protected":false},"author":1,"featured_media":0,"parent":0,"menu_order":0,"comment_status":"closed","ping_status":"closed","template":"","meta":{"_uag_custom_page_level_css":"","site-sidebar-layout":"default","site-content-layout":"","ast-site-content-layout":"full-width-container","site-content-style":"default","site-sidebar-style":"default","ast-global-header-display":"","ast-banner-title-visibility":"","ast-main-header-display":"","ast-hfb-above-header-display":"","ast-hfb-below-header-display":"","ast-hfb-mobile-header-display":"","site-post-title":"disabled","ast-breadcrumbs-content":"","ast-featured-img":"","footer-sml-layout":"","theme-transparent-header-meta":"","adv-header-id-meta":"","stick-header-meta":"","header-above-stick-meta":"","header-main-stick-meta":"","header-below-stick-meta":"","astra-migrate-meta-layouts":"set","ast-page-background-enabled":"default","ast-page-background-meta":{"desktop":{"background-color":"","background-image":"","background-repeat":"repeat","background-position":"center center","background-size":"auto","background-attachment":"scroll","background-type":"","background-media":"","overlay-type":"","overlay-color":"","overlay-opacity":"","overlay-gradient":""},"tablet":{"background-color":"","background-image":"","background-repeat":"repeat","background-position":"center center","background-size":"auto","background-attachment":"scroll","background-type":"","background-media":"","overlay-type":"","overlay-color":"","overlay-opacity":"","overlay-gradient":""},"mobile":{"background-color":"","background-image":"","background-repeat":"repeat","background-position":"center center","background-size":"auto","background-attachment":"scroll","background-type":"","background-media":"","overlay-type":"","overlay-color":"","overlay-opacity":"","overlay-gradient":""}},"ast-content-background-meta":{"desktop":{"background-color":"var(--ast-global-color-5)","background-image":"","background-repeat":"repeat","background-position":"center center","background-size":"auto","background-attachment":"scroll","background-type":"","background-media":"","overlay-type":"","overlay-color":"","overlay-opacity":"","overlay-gradient":""},"tablet":{"background-color":"var(--ast-global-color-5)","background-image":"","background-repeat":"repeat","background-position":"center center","background-size":"auto","background-attachment":"scroll","background-type":"","background-media":"","overlay-type":"","overlay-color":"","overlay-opacity":"","overlay-gradient":""},"mobile":{"background-color":"var(--ast-global-color-5)","background-image":"","background-repeat":"repeat","background-position":"center center","background-size":"auto","background-attachment":"scroll","background-type":"","background-media":"","overlay-type":"","overlay-color":"","overlay-opacity":"","overlay-gradient":""}},"footnotes":""},"class_list":["post-27749","page","type-page","status-publish","hentry"],"yoast_head":"<!-- This site is optimized with the Yoast SEO plugin v27.5 - https:\/\/yoast.com\/product\/yoast-seo-wordpress\/ -->\n<title>Innovaci\u00f3n y Excelencia - Condals Group<\/title>\n<meta name=\"description\" content=\"En Condals Group la innovaci\u00f3n no es solo parte de nuestra estrategia; est\u00e1 en el centro de todo lo que hacemos.\" \/>\n<meta name=\"robots\" content=\"index, follow, max-snippet:-1, max-image-preview:large, max-video-preview:-1\" \/>\n<link rel=\"canonical\" href=\"https:\/\/www.condalsgroup.com\/es\/innovacion\/\" \/>\n<meta property=\"og:locale\" content=\"es_ES\" \/>\n<meta property=\"og:type\" content=\"article\" \/>\n<meta property=\"og:title\" content=\"Innovaci\u00f3n y Excelencia - Condals Group\" \/>\n<meta property=\"og:description\" content=\"En Condals Group la innovaci\u00f3n no es solo parte de nuestra estrategia; est\u00e1 en el centro de todo lo que hacemos.\" \/>\n<meta property=\"og:url\" content=\"https:\/\/www.condalsgroup.com\/es\/innovacion\/\" \/>\n<meta property=\"og:site_name\" content=\"Condals Group\" \/>\n<meta property=\"article:modified_time\" content=\"2024-09-16T09:23:03+00:00\" \/>\n<meta property=\"og:image\" content=\"https:\/\/www.condalsgroup.com\/wp-content\/uploads\/2024\/09\/innovacion.svg\" \/>\n<meta name=\"twitter:card\" content=\"summary_large_image\" \/>\n<meta name=\"twitter:label1\" content=\"Tiempo de lectura\" \/>\n\t<meta name=\"twitter:data1\" content=\"2 minutos\" \/>\n<script type=\"application\/ld+json\" class=\"yoast-schema-graph\">{\"@context\":\"https:\\\/\\\/schema.org\",\"@graph\":[{\"@type\":\"WebPage\",\"@id\":\"https:\\\/\\\/www.condalsgroup.com\\\/es\\\/innovacion\\\/\",\"url\":\"https:\\\/\\\/www.condalsgroup.com\\\/es\\\/innovacion\\\/\",\"name\":\"Innovaci\u00f3n y Excelencia - Condals Group\",\"isPartOf\":{\"@id\":\"https:\\\/\\\/www.condalsgroup.com\\\/es\\\/#website\"},\"primaryImageOfPage\":{\"@id\":\"https:\\\/\\\/www.condalsgroup.com\\\/es\\\/innovacion\\\/#primaryimage\"},\"image\":{\"@id\":\"https:\\\/\\\/www.condalsgroup.com\\\/es\\\/innovacion\\\/#primaryimage\"},\"thumbnailUrl\":\"https:\\\/\\\/www.condalsgroup.com\\\/wp-content\\\/uploads\\\/2024\\\/09\\\/innovacion.svg\",\"datePublished\":\"2024-07-16T08:47:55+00:00\",\"dateModified\":\"2024-09-16T09:23:03+00:00\",\"description\":\"En Condals Group la innovaci\u00f3n no es solo parte de nuestra estrategia; est\u00e1 en el centro de todo lo que hacemos.\",\"breadcrumb\":{\"@id\":\"https:\\\/\\\/www.condalsgroup.com\\\/es\\\/innovacion\\\/#breadcrumb\"},\"inLanguage\":\"es\",\"potentialAction\":[{\"@type\":\"ReadAction\",\"target\":[\"https:\\\/\\\/www.condalsgroup.com\\\/es\\\/innovacion\\\/\"]}]},{\"@type\":\"ImageObject\",\"inLanguage\":\"es\",\"@id\":\"https:\\\/\\\/www.condalsgroup.com\\\/es\\\/innovacion\\\/#primaryimage\",\"url\":\"https:\\\/\\\/www.condalsgroup.com\\\/wp-content\\\/uploads\\\/2024\\\/09\\\/innovacion.svg\",\"contentUrl\":\"https:\\\/\\\/www.condalsgroup.com\\\/wp-content\\\/uploads\\\/2024\\\/09\\\/innovacion.svg\"},{\"@type\":\"BreadcrumbList\",\"@id\":\"https:\\\/\\\/www.condalsgroup.com\\\/es\\\/innovacion\\\/#breadcrumb\",\"itemListElement\":[{\"@type\":\"ListItem\",\"position\":1,\"name\":\"Home\",\"item\":\"https:\\\/\\\/www.condalsgroup.com\\\/es\\\/\"},{\"@type\":\"ListItem\",\"position\":2,\"name\":\"Innovaci\u00f3n\"}]},{\"@type\":\"WebSite\",\"@id\":\"https:\\\/\\\/www.condalsgroup.com\\\/es\\\/#website\",\"url\":\"https:\\\/\\\/www.condalsgroup.com\\\/es\\\/\",\"name\":\"Condals Group\",\"description\":\"\",\"publisher\":{\"@id\":\"https:\\\/\\\/www.condalsgroup.com\\\/es\\\/#organization\"},\"potentialAction\":[{\"@type\":\"SearchAction\",\"target\":{\"@type\":\"EntryPoint\",\"urlTemplate\":\"https:\\\/\\\/www.condalsgroup.com\\\/es\\\/?s={search_term_string}\"},\"query-input\":{\"@type\":\"PropertyValueSpecification\",\"valueRequired\":true,\"valueName\":\"search_term_string\"}}],\"inLanguage\":\"es\"},{\"@type\":\"Organization\",\"@id\":\"https:\\\/\\\/www.condalsgroup.com\\\/es\\\/#organization\",\"name\":\"Condals Group\",\"url\":\"https:\\\/\\\/www.condalsgroup.com\\\/es\\\/\",\"logo\":{\"@type\":\"ImageObject\",\"inLanguage\":\"es\",\"@id\":\"https:\\\/\\\/www.condalsgroup.com\\\/es\\\/#\\\/schema\\\/logo\\\/image\\\/\",\"url\":\"https:\\\/\\\/www.condalsgroup.com\\\/wp-content\\\/uploads\\\/2024\\\/07\\\/cropped-Logo-Container.png\",\"contentUrl\":\"https:\\\/\\\/www.condalsgroup.com\\\/wp-content\\\/uploads\\\/2024\\\/07\\\/cropped-Logo-Container.png\",\"width\":148,\"height\":49,\"caption\":\"Condals Group\"},\"image\":{\"@id\":\"https:\\\/\\\/www.condalsgroup.com\\\/es\\\/#\\\/schema\\\/logo\\\/image\\\/\"},\"sameAs\":[\"https:\\\/\\\/es.linkedin.com\\\/company\\\/condalsgroup\",\"https:\\\/\\\/www.youtube.com\\\/channel\\\/UCYec9VCV4aKMOsm6RXFUjtQ\"]}]}<\/script>\n<!-- \/ Yoast SEO plugin. -->","yoast_head_json":{"title":"Innovaci\u00f3n y Excelencia - Condals Group","description":"En Condals Group la innovaci\u00f3n no es solo parte de nuestra estrategia; est\u00e1 en el centro de todo lo que hacemos.","robots":{"index":"index","follow":"follow","max-snippet":"max-snippet:-1","max-image-preview":"max-image-preview:large","max-video-preview":"max-video-preview:-1"},"canonical":"https:\/\/www.condalsgroup.com\/es\/innovacion\/","og_locale":"es_ES","og_type":"article","og_title":"Innovaci\u00f3n y Excelencia - Condals Group","og_description":"En Condals Group la innovaci\u00f3n no es solo parte de nuestra estrategia; est\u00e1 en el centro de todo lo que hacemos.","og_url":"https:\/\/www.condalsgroup.com\/es\/innovacion\/","og_site_name":"Condals Group","article_modified_time":"2024-09-16T09:23:03+00:00","og_image":[{"url":"https:\/\/www.condalsgroup.com\/wp-content\/uploads\/2024\/09\/innovacion.svg","type":"","width":"","height":""}],"twitter_card":"summary_large_image","twitter_misc":{"Tiempo de lectura":"2 minutos"},"schema":{"@context":"https:\/\/schema.org","@graph":[{"@type":"WebPage","@id":"https:\/\/www.condalsgroup.com\/es\/innovacion\/","url":"https:\/\/www.condalsgroup.com\/es\/innovacion\/","name":"Innovaci\u00f3n y Excelencia - Condals Group","isPartOf":{"@id":"https:\/\/www.condalsgroup.com\/es\/#website"},"primaryImageOfPage":{"@id":"https:\/\/www.condalsgroup.com\/es\/innovacion\/#primaryimage"},"image":{"@id":"https:\/\/www.condalsgroup.com\/es\/innovacion\/#primaryimage"},"thumbnailUrl":"https:\/\/www.condalsgroup.com\/wp-content\/uploads\/2024\/09\/innovacion.svg","datePublished":"2024-07-16T08:47:55+00:00","dateModified":"2024-09-16T09:23:03+00:00","description":"En Condals Group la innovaci\u00f3n no es solo parte de nuestra estrategia; est\u00e1 en el centro de todo lo que hacemos.","breadcrumb":{"@id":"https:\/\/www.condalsgroup.com\/es\/innovacion\/#breadcrumb"},"inLanguage":"es","potentialAction":[{"@type":"ReadAction","target":["https:\/\/www.condalsgroup.com\/es\/innovacion\/"]}]},{"@type":"ImageObject","inLanguage":"es","@id":"https:\/\/www.condalsgroup.com\/es\/innovacion\/#primaryimage","url":"https:\/\/www.condalsgroup.com\/wp-content\/uploads\/2024\/09\/innovacion.svg","contentUrl":"https:\/\/www.condalsgroup.com\/wp-content\/uploads\/2024\/09\/innovacion.svg"},{"@type":"BreadcrumbList","@id":"https:\/\/www.condalsgroup.com\/es\/innovacion\/#breadcrumb","itemListElement":[{"@type":"ListItem","position":1,"name":"Home","item":"https:\/\/www.condalsgroup.com\/es\/"},{"@type":"ListItem","position":2,"name":"Innovaci\u00f3n"}]},{"@type":"WebSite","@id":"https:\/\/www.condalsgroup.com\/es\/#website","url":"https:\/\/www.condalsgroup.com\/es\/","name":"Condals Group","description":"","publisher":{"@id":"https:\/\/www.condalsgroup.com\/es\/#organization"},"potentialAction":[{"@type":"SearchAction","target":{"@type":"EntryPoint","urlTemplate":"https:\/\/www.condalsgroup.com\/es\/?s={search_term_string}"},"query-input":{"@type":"PropertyValueSpecification","valueRequired":true,"valueName":"search_term_string"}}],"inLanguage":"es"},{"@type":"Organization","@id":"https:\/\/www.condalsgroup.com\/es\/#organization","name":"Condals Group","url":"https:\/\/www.condalsgroup.com\/es\/","logo":{"@type":"ImageObject","inLanguage":"es","@id":"https:\/\/www.condalsgroup.com\/es\/#\/schema\/logo\/image\/","url":"https:\/\/www.condalsgroup.com\/wp-content\/uploads\/2024\/07\/cropped-Logo-Container.png","contentUrl":"https:\/\/www.condalsgroup.com\/wp-content\/uploads\/2024\/07\/cropped-Logo-Container.png","width":148,"height":49,"caption":"Condals Group"},"image":{"@id":"https:\/\/www.condalsgroup.com\/es\/#\/schema\/logo\/image\/"},"sameAs":["https:\/\/es.linkedin.com\/company\/condalsgroup","https:\/\/www.youtube.com\/channel\/UCYec9VCV4aKMOsm6RXFUjtQ"]}]}},"uagb_featured_image_src":{"full":false,"thumbnail":false,"medium":false,"medium_large":false,"large":false,"1536x1536":false,"2048x2048":false},"uagb_author_info":{"display_name":"bchong@devel8.com","author_link":"https:\/\/www.condalsgroup.com\/es\/author\/bchongdevel8-com\/"},"uagb_comment_info":0,"uagb_excerpt":null,"_links":{"self":[{"href":"https:\/\/www.condalsgroup.com\/es\/wp-json\/wp\/v2\/pages\/27749","targetHints":{"allow":["GET"]}}],"collection":[{"href":"https:\/\/www.condalsgroup.com\/es\/wp-json\/wp\/v2\/pages"}],"about":[{"href":"https:\/\/www.condalsgroup.com\/es\/wp-json\/wp\/v2\/types\/page"}],"author":[{"embeddable":true,"href":"https:\/\/www.condalsgroup.com\/es\/wp-json\/wp\/v2\/users\/1"}],"replies":[{"embeddable":true,"href":"https:\/\/www.condalsgroup.com\/es\/wp-json\/wp\/v2\/comments?post=27749"}],"version-history":[{"count":6,"href":"https:\/\/www.condalsgroup.com\/es\/wp-json\/wp\/v2\/pages\/27749\/revisions"}],"predecessor-version":[{"id":27896,"href":"https:\/\/www.condalsgroup.com\/es\/wp-json\/wp\/v2\/pages\/27749\/revisions\/27896"}],"wp:attachment":[{"href":"https:\/\/www.condalsgroup.com\/es\/wp-json\/wp\/v2\/media?parent=27749"}],"curies":[{"name":"wp","href":"https:\/\/api.w.org\/{rel}","templated":true}]}}