{"id":27739,"date":"2024-07-16T06:40:19","date_gmt":"2024-07-16T06:40:19","guid":{"rendered":"https:\/\/condals.devel8.com\/what-we-do\/"},"modified":"2024-09-16T09:23:48","modified_gmt":"2024-09-16T09:23:48","slug":"que-hacemos","status":"publish","type":"page","link":"https:\/\/www.condalsgroup.com\/es\/que-hacemos\/","title":{"rendered":"Qu\u00e9 hacemos"},"content":{"rendered":"\n<div class=\"wp-block-uagb-container uagb-block-9af1772f alignfull uagb-is-root-container\"><div class=\"uagb-container-inner-blocks-wrap\">\n<div class=\"wp-block-uagb-container uagb-block-0e6844f3\">\n<div class=\"wp-block-uagb-info-box uagb-block-60a0de03 uagb-infobox__content-wrap  uagb-infobox-icon-above-title uagb-infobox-image-valign-top\"><div class=\"uagb-ifb-content\"><div class=\"uagb-ifb-title-wrap\"><h1 class=\"uagb-ifb-title\">The Heat of Innovation<\/h1><\/div><p class=\"uagb-ifb-desc\">En el coraz\u00f3n de Condals Group yace una incansable b\u00fasqueda de innovaci\u00f3n y excelencia. \u00abLo que hacemos\u00bb no se trata solo de elaborar soluciones de ingenier\u00eda de precisi\u00f3n; se trata de revolucionar los sectores de la automoci\u00f3n, ferroviario y de la construcci\u00f3n con nuestros enfoques innovadores.<br>&nbsp;<br>Fusionamos tecnolog\u00edas avanzadas con pr\u00e1cticas sostenibles para satisfacer las necesidades de hoy y allanar el camino hacia un ma\u00f1ana m\u00e1s eficiente, resiliente y sostenible. \u00danete a nosotros en nuestro recorrido por nuestras actividades principales, donde cada proyecto que emprendemos es un paso hacia la redefinici\u00f3n de los l\u00edmites de la ingenier\u00eda y la fabricaci\u00f3n. Bienvenido al epicentro de la innovaci\u00f3n, donde la visi\u00f3n se convierte en realidad.<\/p><\/div><\/div>\n<\/div>\n\n\n\n<div class=\"wp-block-uagb-container uagb-block-d2848997\"><\/div>\n<\/div><\/div>\n\n\n\n<div class=\"wp-block-uagb-container uagb-block-66nsvyuj alignfull uagb-is-root-container\"><div class=\"uagb-container-inner-blocks-wrap\">\n<div class=\"wp-block-uagb-advanced-heading uagb-block-b8341ff0\"><h2 class=\"uagb-heading-text\">NUESTRA CAPACIDAD<\/h2><\/div>\n\n\n\n<div class=\"wp-block-uagb-container uagb-layout-grid uagb-block-tfx2yn5b\">\n<div class=\"wp-block-uagb-container uagb-block-xwmwiwjo\">\n<div class=\"wp-block-uagb-info-box uagb-block-ifs55qhl uagb-infobox__content-wrap  uagb-infobox-icon-above-title uagb-infobox-image-valign-top\"><div class=\"uagb-ifb-content\"><div class=\"uagb-ifb-image-content\"><img decoding=\"async\" src=\"https:\/\/www.condalsgroup.com\/wp-content\/uploads\/2024\/07\/Icon-2.png\" alt=\"\" width=\"\" height=\"0\" loading=\"lazy\"\/><\/div><div class=\"uagb-ifb-title-wrap\"><p class=\"uagb-ifb-title\">8,99MM<\/p><\/div><p class=\"uagb-ifb-desc\">de coches fabricados anualmente<br> llevan nuestras piezas<\/p><\/div><\/div>\n<\/div>\n\n\n\n<div class=\"wp-block-uagb-container uagb-block-4fa8c6d4\">\n<div class=\"wp-block-uagb-info-box uagb-block-984d9b92 uagb-infobox__content-wrap  uagb-infobox-icon-above-title uagb-infobox-image-valign-top\"><div class=\"uagb-ifb-content\"><div class=\"uagb-ifb-image-content\"><img decoding=\"async\" src=\"https:\/\/www.condalsgroup.com\/wp-content\/uploads\/2024\/07\/Product-Icon.png\" alt=\"\" width=\"\" height=\"0\" loading=\"lazy\"\/><\/div><div class=\"uagb-ifb-title-wrap\"><p class=\"uagb-ifb-title\">5.5MM<\/p><\/div><p class=\"uagb-ifb-desc\">de piezas de freno al a\u00f1o<\/p><\/div><\/div>\n<\/div>\n\n\n\n<div class=\"wp-block-uagb-container uagb-block-05568a5a\">\n<div class=\"wp-block-uagb-info-box uagb-block-369a99a3 uagb-infobox__content-wrap  uagb-infobox-icon-above-title uagb-infobox-image-valign-top\"><div class=\"uagb-ifb-content\"><div class=\"uagb-ifb-image-content\"><img decoding=\"async\" src=\"https:\/\/www.condalsgroup.com\/wp-content\/uploads\/2024\/07\/Product-Icon-Container.png\" alt=\"\" width=\"\" height=\"0\" loading=\"lazy\"\/><\/div><div class=\"uagb-ifb-title-wrap\"><p class=\"uagb-ifb-title\">16,1MM<\/p><\/div><p class=\"uagb-ifb-desc\">de piezas de <br>automoci\u00f3n al a\u00f1o<\/p><\/div><\/div>\n<\/div>\n\n\n\n<div class=\"wp-block-uagb-container uagb-block-08cea6ba\">\n<div class=\"wp-block-uagb-info-box uagb-block-3a00eb5d uagb-infobox__content-wrap  uagb-infobox-icon-above-title uagb-infobox-image-valign-top\"><div class=\"uagb-ifb-content\"><div class=\"uagb-ifb-image-content\"><img decoding=\"async\" src=\"https:\/\/www.condalsgroup.com\/wp-content\/uploads\/2024\/07\/Icon-3.png\" alt=\"\" width=\"54\" height=\"77\" loading=\"lazy\"\/><\/div><div class=\"uagb-ifb-title-wrap\"><p class=\"uagb-ifb-title\">1.06MM<\/p><\/div><p class=\"uagb-ifb-desc\">de piezas <br>ferroviarias al a\u00f1o<\/p><\/div><\/div>\n<\/div>\n\n\n\n<div class=\"wp-block-uagb-container uagb-block-cf838577\">\n<div class=\"wp-block-uagb-info-box uagb-block-69559a4d uagb-infobox__content-wrap  uagb-infobox-icon-above-title uagb-infobox-image-valign-top\"><div class=\"uagb-ifb-content\"><div class=\"uagb-ifb-image-content\"><img decoding=\"async\" src=\"https:\/\/www.condalsgroup.com\/wp-content\/uploads\/2024\/07\/02.png\" alt=\"\" width=\"\" height=\"0\" loading=\"lazy\"\/><\/div><div class=\"uagb-ifb-title-wrap\"><p class=\"uagb-ifb-title\">0,8MM<\/p><\/div><p class=\"uagb-ifb-desc\">otros (hidr\u00e1ulica, construcci\u00f3n,<br> veh\u00edculos industriales)<\/p><\/div><\/div>\n<\/div>\n\n\n\n<div class=\"wp-block-uagb-container uagb-block-36055c6b\">\n<div class=\"wp-block-uagb-info-box uagb-block-cec2d274 uagb-infobox__content-wrap  uagb-infobox-icon-above-title uagb-infobox-image-valign-top\"><div class=\"uagb-ifb-content\"><div class=\"uagb-ifb-image-content\"><img decoding=\"async\" src=\"https:\/\/www.condalsgroup.com\/wp-content\/uploads\/2024\/07\/Icon-Container.png\" alt=\"\" width=\"75\" height=\"77\" loading=\"lazy\"\/><\/div><div class=\"uagb-ifb-title-wrap\"><p class=\"uagb-ifb-title\">14%<\/p><\/div><p class=\"uagb-ifb-desc\">del total son <br>productos mecanizados<\/p><\/div><\/div>\n<\/div>\n<\/div>\n<\/div><\/div>\n\n\n\n<div class=\"wp-block-uagb-container uagb-block-36ef23e2 alignfull uagb-is-root-container\"><div class=\"uagb-container-inner-blocks-wrap\"><\/div><\/div>\n\n\n\n<div class=\"wp-block-uagb-container uagb-block-e2cd54f0 alignfull uagb-is-root-container\"><div class=\"uagb-container-inner-blocks-wrap\">\n<div class=\"wp-block-uagb-container uagb-block-0452ebd2\">\n<div class=\"wp-block-uagb-info-box uagb-block-bee5b5e8 uagb-infobox__content-wrap  uagb-infobox-icon-above-title uagb-infobox-image-valign-top\"><div class=\"uagb-ifb-content\"><div class=\"uagb-ifb-title-wrap\"><h2 class=\"uagb-ifb-title\"><strong>MATERIALES<\/strong><\/h2><\/div><p class=\"uagb-ifb-desc\">Especializado en la producci\u00f3n de piezas fundidas de hierro de alta calidad, el Condals Group se centra principalmente en el hierro nodular, que representa el 97% de nuestra producci\u00f3n, mientras que el hierro gris representa el 3% restante. Esta composici\u00f3n estrat\u00e9gica resalta nuestra dedicaci\u00f3n a proporcionar materiales duraderos y vers\u00e1tiles, dise\u00f1ados para satisfacer las necesidades sofisticadas de nuestros clientes.<\/p><\/div><\/div>\n\n\n\n<div class=\"wp-block-uagb-icon-list uagb-block-cbcb4201\"><div class=\"uagb-icon-list__wrap\">\n<div class=\"wp-block-uagb-icon-list-child uagb-block-8b68c26c\"><span class=\"uagb-icon-list__source-wrap\"><svg xmlns=\"https:\/\/www.w3.org\/2000\/svg\" viewBox=\"0 0 512 512\"><path d=\"M512 256C512 397.4 397.4 512 256 512C114.6 512 0 397.4 0 256C0 114.6 114.6 0 256 0C397.4 0 512 114.6 512 256z\"><\/path><\/svg><\/span><span class=\"uagb-icon-list__label\">97% Hierro Nodular<\/span><\/div>\n\n\n\n<div class=\"wp-block-uagb-icon-list-child uagb-block-fe0eefb5\"><span class=\"uagb-icon-list__source-wrap\"><svg xmlns=\"https:\/\/www.w3.org\/2000\/svg\" viewBox=\"0 0 512 512\"><path d=\"M512 256C512 397.4 397.4 512 256 512C114.6 512 0 397.4 0 256C0 114.6 114.6 0 256 0C397.4 0 512 114.6 512 256z\"><\/path><\/svg><\/span><span class=\"uagb-icon-list__label\">3% Hierro Nodular<\/span><\/div>\n<\/div><\/div>\n<\/div>\n\n\n\n<div class=\"wp-block-uagb-container condals-chart uagb-block-b7246153\">\n<div class=\"wp-block-uagb-image alignright uagb-block-297af5ca wp-block-uagb-image--layout-default wp-block-uagb-image--effect-static wp-block-uagb-image--align-right\"><figure class=\"wp-block-uagb-image__figure\"><img decoding=\"async\" srcset=\"https:\/\/www.condalsgroup.com\/wp-content\/uploads\/2024\/07\/Chart-1.png ,https:\/\/www.condalsgroup.com\/wp-content\/uploads\/2024\/07\/Chart-1.png 780w, https:\/\/www.condalsgroup.com\/wp-content\/uploads\/2024\/07\/Chart-1-300x300.png 360w\" sizes=\"auto, (max-width: 480px) 150px\" src=\"https:\/\/www.condalsgroup.com\/wp-content\/uploads\/2024\/07\/Chart-1.png\" alt=\"\" class=\"uag-image-26358\" width=\"335\" height=\"334\" title=\"Chart-1\" loading=\"lazy\" role=\"img\"\/><\/figure><\/div>\n<\/div>\n<\/div><\/div>\n\n\n\n<div class=\"wp-block-uagb-container uagb-block-686e5cdd alignfull uagb-is-root-container\"><div class=\"uagb-container-inner-blocks-wrap\">\n<div class=\"wp-block-uagb-container uagb-block-20c3aefb\">\n<div class=\"wp-block-uagb-image uagb-block-623afe2a wp-block-uagb-image--layout-default wp-block-uagb-image--effect-static wp-block-uagb-image--align-none\"><figure class=\"wp-block-uagb-image__figure\"><img decoding=\"async\" srcset=\"https:\/\/www.condalsgroup.com\/wp-content\/uploads\/2024\/07\/ferrous-metal-1-1024x599-1.png ,https:\/\/www.condalsgroup.com\/wp-content\/uploads\/2024\/07\/ferrous-metal-1-1024x599-1.png 780w, https:\/\/www.condalsgroup.com\/wp-content\/uploads\/2024\/07\/ferrous-metal-1-1024x599-1.png 360w\" sizes=\"auto, (max-width: 480px) 150px\" src=\"https:\/\/www.condalsgroup.com\/wp-content\/uploads\/2024\/07\/ferrous-metal-1-1024x599-1.png\" alt=\"\" class=\"uag-image-26383\" width=\"712\" height=\"423\" title=\"ferrous-metal-1-1024x599\" loading=\"lazy\" role=\"img\"\/><\/figure><\/div>\n<\/div>\n\n\n\n<div class=\"wp-block-uagb-container uagb-block-0e70e837\">\n<div class=\"wp-block-uagb-info-box uagb-block-179af964 uagb-infobox__content-wrap  uagb-infobox-icon-above-title uagb-infobox-image-valign-top\"><div class=\"uagb-ifb-content\"><div class=\"uagb-ifb-title-wrap\"><h2 class=\"uagb-ifb-title\"><strong>TOMOGRAF\u00cdA<\/strong><\/h2><\/div><p class=\"uagb-ifb-desc\">Estamos orgullosos de ofrecer servicios de tomograf\u00eda que no solo mejoran la calidad de nuestros productos, sino que tambi\u00e9n contribuyen a la innovaci\u00f3n y el desarrollo de nuevas soluciones. Nuestro compromiso de aprovechar tecnolog\u00edas avanzadas como la tomograf\u00eda subraya nuestra dedicaci\u00f3n a la excelencia y nuestra misi\u00f3n de satisfacer las necesidades cambiantes de nuestros clientes con soluciones dise\u00f1adas con precisi\u00f3n.<\/p><\/div><\/div>\n\n\n\n<div class=\"wp-block-uagb-buttons uagb-buttons__outer-wrap uagb-btn__default-btn uagb-btn-tablet__default-btn uagb-btn-mobile__default-btn uagb-block-8917873e\"><div class=\"uagb-buttons__wrap uagb-buttons-layout-wrap \">\n<div class=\"wp-block-uagb-buttons-child uagb-buttons__outer-wrap uagb-block-767e50e9 wp-block-button condals-border-botom-1\"><div class=\"uagb-button__wrapper\"><a class=\"uagb-buttons-repeater wp-block-button__link\" aria-label=\"\" href=\"\/es\/af\/\" rel=\"follow noopener\" target=\"_self\" role=\"button\"><div class=\"uagb-button__link\">Ver m\u00e1s<\/div><span class=\"uagb-button__icon uagb-button__icon-position-after\"><svg xmlns=\"https:\/\/www.w3.org\/2000\/svg\" viewBox=\"0 0 320 512\" aria-hidden=\"true\" focussable=\"false\"><path d=\"M96 480c-8.188 0-16.38-3.125-22.62-9.375c-12.5-12.5-12.5-32.75 0-45.25L242.8 256L73.38 86.63c-12.5-12.5-12.5-32.75 0-45.25s32.75-12.5 45.25 0l192 192c12.5 12.5 12.5 32.75 0 45.25l-192 192C112.4 476.9 104.2 480 96 480z\"><\/path><\/svg><\/span><\/a><\/div><\/div>\n<\/div><\/div>\n<\/div>\n<\/div><\/div>\n","protected":false},"excerpt":{"rendered":"<p>NUESTRA CAPACIDAD<\/p>\n","protected":false},"author":1,"featured_media":0,"parent":0,"menu_order":0,"comment_status":"closed","ping_status":"closed","template":"","meta":{"_uag_custom_page_level_css":"","site-sidebar-layout":"no-sidebar","site-content-layout":"plain-container","ast-site-content-layout":"full-width-container","site-content-style":"default","site-sidebar-style":"unboxed","ast-global-header-display":"","ast-banner-title-visibility":"","ast-main-header-display":"","ast-hfb-above-header-display":"","ast-hfb-below-header-display":"","ast-hfb-mobile-header-display":"","site-post-title":"disabled","ast-breadcrumbs-content":"","ast-featured-img":"disabled","footer-sml-layout":"","theme-transparent-header-meta":"disabled","adv-header-id-meta":"","stick-header-meta":"","header-above-stick-meta":"","header-main-stick-meta":"","header-below-stick-meta":"","astra-migrate-meta-layouts":"set","ast-page-background-enabled":"default","ast-page-background-meta":{"desktop":{"background-color":"","background-image":"","background-repeat":"repeat","background-position":"center center","background-size":"auto","background-attachment":"scroll","background-type":"","background-media":"","overlay-type":"","overlay-color":"","overlay-opacity":"","overlay-gradient":""},"tablet":{"background-color":"","background-image":"","background-repeat":"repeat","background-position":"center center","background-size":"auto","background-attachment":"scroll","background-type":"","background-media":"","overlay-type":"","overlay-color":"","overlay-opacity":"","overlay-gradient":""},"mobile":{"background-color":"","background-image":"","background-repeat":"repeat","background-position":"center center","background-size":"auto","background-attachment":"scroll","background-type":"","background-media":"","overlay-type":"","overlay-color":"","overlay-opacity":"","overlay-gradient":""}},"ast-content-background-meta":{"desktop":{"background-color":"var(--ast-global-color-5)","background-image":"","background-repeat":"repeat","background-position":"center center","background-size":"auto","background-attachment":"scroll","background-type":"","background-media":"","overlay-type":"","overlay-color":"","overlay-opacity":"","overlay-gradient":""},"tablet":{"background-color":"var(--ast-global-color-5)","background-image":"","background-repeat":"repeat","background-position":"center center","background-size":"auto","background-attachment":"scroll","background-type":"","background-media":"","overlay-type":"","overlay-color":"","overlay-opacity":"","overlay-gradient":""},"mobile":{"background-color":"var(--ast-global-color-5)","background-image":"","background-repeat":"repeat","background-position":"center center","background-size":"auto","background-attachment":"scroll","background-type":"","background-media":"","overlay-type":"","overlay-color":"","overlay-opacity":"","overlay-gradient":""}},"footnotes":""},"class_list":["post-27739","page","type-page","status-publish","hentry"],"yoast_head":"<!-- This site is optimized with the Yoast SEO plugin v27.5 - https:\/\/yoast.com\/product\/yoast-seo-wordpress\/ -->\n<title>Qu\u00e9 Hacemos - Condals Group<\/title>\n<meta name=\"description\" content=\"\u00abLo que hacemos\u00bb no se trata solo de elaborar soluciones de ingenier\u00eda; se trata de revolucionar los sectores de la automoci\u00f3n, ferroviario y construcci\u00f3n\" \/>\n<meta name=\"robots\" content=\"index, follow, max-snippet:-1, max-image-preview:large, max-video-preview:-1\" \/>\n<link rel=\"canonical\" href=\"https:\/\/www.condalsgroup.com\/es\/que-hacemos\/\" \/>\n<meta property=\"og:locale\" content=\"es_ES\" \/>\n<meta property=\"og:type\" content=\"article\" \/>\n<meta property=\"og:title\" content=\"Qu\u00e9 Hacemos - Condals Group\" \/>\n<meta property=\"og:description\" content=\"\u00abLo que hacemos\u00bb no se trata solo de elaborar soluciones de ingenier\u00eda; se trata de revolucionar los sectores de la automoci\u00f3n, ferroviario y construcci\u00f3n\" \/>\n<meta property=\"og:url\" content=\"https:\/\/www.condalsgroup.com\/es\/que-hacemos\/\" \/>\n<meta property=\"og:site_name\" content=\"Condals Group\" \/>\n<meta property=\"article:modified_time\" content=\"2024-09-16T09:23:48+00:00\" \/>\n<meta property=\"og:image\" content=\"https:\/\/www.condalsgroup.com\/wp-content\/uploads\/2024\/07\/Icon-2.png\" \/>\n<meta name=\"twitter:card\" content=\"summary_large_image\" \/>\n<meta name=\"twitter:label1\" content=\"Tiempo de lectura\" \/>\n\t<meta name=\"twitter:data1\" content=\"3 minutos\" \/>\n<script type=\"application\/ld+json\" class=\"yoast-schema-graph\">{\"@context\":\"https:\\\/\\\/schema.org\",\"@graph\":[{\"@type\":\"WebPage\",\"@id\":\"https:\\\/\\\/www.condalsgroup.com\\\/es\\\/que-hacemos\\\/\",\"url\":\"https:\\\/\\\/www.condalsgroup.com\\\/es\\\/que-hacemos\\\/\",\"name\":\"Qu\u00e9 Hacemos - Condals Group\",\"isPartOf\":{\"@id\":\"https:\\\/\\\/www.condalsgroup.com\\\/es\\\/#website\"},\"primaryImageOfPage\":{\"@id\":\"https:\\\/\\\/www.condalsgroup.com\\\/es\\\/que-hacemos\\\/#primaryimage\"},\"image\":{\"@id\":\"https:\\\/\\\/www.condalsgroup.com\\\/es\\\/que-hacemos\\\/#primaryimage\"},\"thumbnailUrl\":\"https:\\\/\\\/www.condalsgroup.com\\\/wp-content\\\/uploads\\\/2024\\\/07\\\/Icon-2.png\",\"datePublished\":\"2024-07-16T06:40:19+00:00\",\"dateModified\":\"2024-09-16T09:23:48+00:00\",\"description\":\"\u00abLo que hacemos\u00bb no se trata solo de elaborar soluciones de ingenier\u00eda; se trata de revolucionar los sectores de la automoci\u00f3n, ferroviario y construcci\u00f3n\",\"breadcrumb\":{\"@id\":\"https:\\\/\\\/www.condalsgroup.com\\\/es\\\/que-hacemos\\\/#breadcrumb\"},\"inLanguage\":\"es\",\"potentialAction\":[{\"@type\":\"ReadAction\",\"target\":[\"https:\\\/\\\/www.condalsgroup.com\\\/es\\\/que-hacemos\\\/\"]}]},{\"@type\":\"ImageObject\",\"inLanguage\":\"es\",\"@id\":\"https:\\\/\\\/www.condalsgroup.com\\\/es\\\/que-hacemos\\\/#primaryimage\",\"url\":\"https:\\\/\\\/www.condalsgroup.com\\\/wp-content\\\/uploads\\\/2024\\\/07\\\/Icon-2.png\",\"contentUrl\":\"https:\\\/\\\/www.condalsgroup.com\\\/wp-content\\\/uploads\\\/2024\\\/07\\\/Icon-2.png\"},{\"@type\":\"BreadcrumbList\",\"@id\":\"https:\\\/\\\/www.condalsgroup.com\\\/es\\\/que-hacemos\\\/#breadcrumb\",\"itemListElement\":[{\"@type\":\"ListItem\",\"position\":1,\"name\":\"Home\",\"item\":\"https:\\\/\\\/www.condalsgroup.com\\\/es\\\/\"},{\"@type\":\"ListItem\",\"position\":2,\"name\":\"Qu\u00e9 hacemos\"}]},{\"@type\":\"WebSite\",\"@id\":\"https:\\\/\\\/www.condalsgroup.com\\\/es\\\/#website\",\"url\":\"https:\\\/\\\/www.condalsgroup.com\\\/es\\\/\",\"name\":\"Condals Group\",\"description\":\"\",\"publisher\":{\"@id\":\"https:\\\/\\\/www.condalsgroup.com\\\/es\\\/#organization\"},\"potentialAction\":[{\"@type\":\"SearchAction\",\"target\":{\"@type\":\"EntryPoint\",\"urlTemplate\":\"https:\\\/\\\/www.condalsgroup.com\\\/es\\\/?s={search_term_string}\"},\"query-input\":{\"@type\":\"PropertyValueSpecification\",\"valueRequired\":true,\"valueName\":\"search_term_string\"}}],\"inLanguage\":\"es\"},{\"@type\":\"Organization\",\"@id\":\"https:\\\/\\\/www.condalsgroup.com\\\/es\\\/#organization\",\"name\":\"Condals Group\",\"url\":\"https:\\\/\\\/www.condalsgroup.com\\\/es\\\/\",\"logo\":{\"@type\":\"ImageObject\",\"inLanguage\":\"es\",\"@id\":\"https:\\\/\\\/www.condalsgroup.com\\\/es\\\/#\\\/schema\\\/logo\\\/image\\\/\",\"url\":\"https:\\\/\\\/www.condalsgroup.com\\\/wp-content\\\/uploads\\\/2024\\\/07\\\/cropped-Logo-Container.png\",\"contentUrl\":\"https:\\\/\\\/www.condalsgroup.com\\\/wp-content\\\/uploads\\\/2024\\\/07\\\/cropped-Logo-Container.png\",\"width\":148,\"height\":49,\"caption\":\"Condals Group\"},\"image\":{\"@id\":\"https:\\\/\\\/www.condalsgroup.com\\\/es\\\/#\\\/schema\\\/logo\\\/image\\\/\"},\"sameAs\":[\"https:\\\/\\\/es.linkedin.com\\\/company\\\/condalsgroup\",\"https:\\\/\\\/www.youtube.com\\\/channel\\\/UCYec9VCV4aKMOsm6RXFUjtQ\"]}]}<\/script>\n<!-- \/ Yoast SEO plugin. -->","yoast_head_json":{"title":"Qu\u00e9 Hacemos - Condals Group","description":"\u00abLo que hacemos\u00bb no se trata solo de elaborar soluciones de ingenier\u00eda; se trata de revolucionar los sectores de la automoci\u00f3n, ferroviario y construcci\u00f3n","robots":{"index":"index","follow":"follow","max-snippet":"max-snippet:-1","max-image-preview":"max-image-preview:large","max-video-preview":"max-video-preview:-1"},"canonical":"https:\/\/www.condalsgroup.com\/es\/que-hacemos\/","og_locale":"es_ES","og_type":"article","og_title":"Qu\u00e9 Hacemos - Condals Group","og_description":"\u00abLo que hacemos\u00bb no se trata solo de elaborar soluciones de ingenier\u00eda; se trata de revolucionar los sectores de la automoci\u00f3n, ferroviario y construcci\u00f3n","og_url":"https:\/\/www.condalsgroup.com\/es\/que-hacemos\/","og_site_name":"Condals Group","article_modified_time":"2024-09-16T09:23:48+00:00","og_image":[{"url":"https:\/\/www.condalsgroup.com\/wp-content\/uploads\/2024\/07\/Icon-2.png","type":"","width":"","height":""}],"twitter_card":"summary_large_image","twitter_misc":{"Tiempo de lectura":"3 minutos"},"schema":{"@context":"https:\/\/schema.org","@graph":[{"@type":"WebPage","@id":"https:\/\/www.condalsgroup.com\/es\/que-hacemos\/","url":"https:\/\/www.condalsgroup.com\/es\/que-hacemos\/","name":"Qu\u00e9 Hacemos - Condals Group","isPartOf":{"@id":"https:\/\/www.condalsgroup.com\/es\/#website"},"primaryImageOfPage":{"@id":"https:\/\/www.condalsgroup.com\/es\/que-hacemos\/#primaryimage"},"image":{"@id":"https:\/\/www.condalsgroup.com\/es\/que-hacemos\/#primaryimage"},"thumbnailUrl":"https:\/\/www.condalsgroup.com\/wp-content\/uploads\/2024\/07\/Icon-2.png","datePublished":"2024-07-16T06:40:19+00:00","dateModified":"2024-09-16T09:23:48+00:00","description":"\u00abLo que hacemos\u00bb no se trata solo de elaborar soluciones de ingenier\u00eda; se trata de revolucionar los sectores de la automoci\u00f3n, ferroviario y construcci\u00f3n","breadcrumb":{"@id":"https:\/\/www.condalsgroup.com\/es\/que-hacemos\/#breadcrumb"},"inLanguage":"es","potentialAction":[{"@type":"ReadAction","target":["https:\/\/www.condalsgroup.com\/es\/que-hacemos\/"]}]},{"@type":"ImageObject","inLanguage":"es","@id":"https:\/\/www.condalsgroup.com\/es\/que-hacemos\/#primaryimage","url":"https:\/\/www.condalsgroup.com\/wp-content\/uploads\/2024\/07\/Icon-2.png","contentUrl":"https:\/\/www.condalsgroup.com\/wp-content\/uploads\/2024\/07\/Icon-2.png"},{"@type":"BreadcrumbList","@id":"https:\/\/www.condalsgroup.com\/es\/que-hacemos\/#breadcrumb","itemListElement":[{"@type":"ListItem","position":1,"name":"Home","item":"https:\/\/www.condalsgroup.com\/es\/"},{"@type":"ListItem","position":2,"name":"Qu\u00e9 hacemos"}]},{"@type":"WebSite","@id":"https:\/\/www.condalsgroup.com\/es\/#website","url":"https:\/\/www.condalsgroup.com\/es\/","name":"Condals Group","description":"","publisher":{"@id":"https:\/\/www.condalsgroup.com\/es\/#organization"},"potentialAction":[{"@type":"SearchAction","target":{"@type":"EntryPoint","urlTemplate":"https:\/\/www.condalsgroup.com\/es\/?s={search_term_string}"},"query-input":{"@type":"PropertyValueSpecification","valueRequired":true,"valueName":"search_term_string"}}],"inLanguage":"es"},{"@type":"Organization","@id":"https:\/\/www.condalsgroup.com\/es\/#organization","name":"Condals Group","url":"https:\/\/www.condalsgroup.com\/es\/","logo":{"@type":"ImageObject","inLanguage":"es","@id":"https:\/\/www.condalsgroup.com\/es\/#\/schema\/logo\/image\/","url":"https:\/\/www.condalsgroup.com\/wp-content\/uploads\/2024\/07\/cropped-Logo-Container.png","contentUrl":"https:\/\/www.condalsgroup.com\/wp-content\/uploads\/2024\/07\/cropped-Logo-Container.png","width":148,"height":49,"caption":"Condals Group"},"image":{"@id":"https:\/\/www.condalsgroup.com\/es\/#\/schema\/logo\/image\/"},"sameAs":["https:\/\/es.linkedin.com\/company\/condalsgroup","https:\/\/www.youtube.com\/channel\/UCYec9VCV4aKMOsm6RXFUjtQ"]}]}},"uagb_featured_image_src":{"full":false,"thumbnail":false,"medium":false,"medium_large":false,"large":false,"1536x1536":false,"2048x2048":false},"uagb_author_info":{"display_name":"bchong@devel8.com","author_link":"https:\/\/www.condalsgroup.com\/es\/author\/bchongdevel8-com\/"},"uagb_comment_info":0,"uagb_excerpt":"NUESTRA CAPACIDAD","_links":{"self":[{"href":"https:\/\/www.condalsgroup.com\/es\/wp-json\/wp\/v2\/pages\/27739","targetHints":{"allow":["GET"]}}],"collection":[{"href":"https:\/\/www.condalsgroup.com\/es\/wp-json\/wp\/v2\/pages"}],"about":[{"href":"https:\/\/www.condalsgroup.com\/es\/wp-json\/wp\/v2\/types\/page"}],"author":[{"embeddable":true,"href":"https:\/\/www.condalsgroup.com\/es\/wp-json\/wp\/v2\/users\/1"}],"replies":[{"embeddable":true,"href":"https:\/\/www.condalsgroup.com\/es\/wp-json\/wp\/v2\/comments?post=27739"}],"version-history":[{"count":13,"href":"https:\/\/www.condalsgroup.com\/es\/wp-json\/wp\/v2\/pages\/27739\/revisions"}],"predecessor-version":[{"id":27974,"href":"https:\/\/www.condalsgroup.com\/es\/wp-json\/wp\/v2\/pages\/27739\/revisions\/27974"}],"wp:attachment":[{"href":"https:\/\/www.condalsgroup.com\/es\/wp-json\/wp\/v2\/media?parent=27739"}],"curies":[{"name":"wp","href":"https:\/\/api.w.org\/{rel}","templated":true}]}}