{"id":27736,"date":"2024-07-15T15:16:48","date_gmt":"2024-07-15T15:16:48","guid":{"rendered":"https:\/\/condals.devel8.com\/fundel\/"},"modified":"2024-09-16T09:22:37","modified_gmt":"2024-09-16T09:22:37","slug":"fundel","status":"publish","type":"page","link":"https:\/\/www.condalsgroup.com\/es\/fundel\/","title":{"rendered":"Fundel"},"content":{"rendered":"\n<div class=\"wp-block-uagb-container uagb-block-5ae6a252 alignfull uagb-is-root-container\"><div class=\"uagb-container-inner-blocks-wrap\">\n<div class=\"wp-block-uagb-container uagb-block-szlk06m4 alignfull uagb-is-root-container\"><div class=\"uagb-container-inner-blocks-wrap\">\n<div class=\"wp-block-uagb-image uagb-block-ca828501 wp-block-uagb-image--layout-default wp-block-uagb-image--effect-static wp-block-uagb-image--align-none\"><figure class=\"wp-block-uagb-image__figure\"><img decoding=\"async\" srcset=\"https:\/\/www.condalsgroup.com\/wp-content\/uploads\/2024\/07\/Logo-1.png ,https:\/\/www.condalsgroup.com\/wp-content\/uploads\/2024\/07\/Logo-1.png 780w, https:\/\/www.condalsgroup.com\/wp-content\/uploads\/2024\/07\/Logo-1.png 360w\" sizes=\"auto, (max-width: 480px) 150px\" src=\"https:\/\/www.condalsgroup.com\/wp-content\/uploads\/2024\/07\/Logo-1.png\" alt=\"\" class=\"uag-image-26303\" width=\"198\" height=\"122\" title=\"Logo-1\" loading=\"lazy\" role=\"img\"\/><\/figure><\/div>\n<\/div><\/div>\n<\/div><\/div>\n\n\n\n<div class=\"wp-block-uagb-container uagb-block-symstlqf alignfull uagb-is-root-container\"><div class=\"uagb-container-inner-blocks-wrap\">\n<div class=\"wp-block-uagb-advanced-heading uagb-block-d13a3a61\"><h1 class=\"uagb-heading-text\">Fundel<\/h1><\/div>\n\n\n\n<section class=\"wp-block-uagb-columns uagb-columns__wrap uagb-columns__background-color uagb-columns__stack-mobile uagb-columns__valign-top uagb-columns__gap-10 align uagb-block-6373459a uagb-columns__columns-1 uagb-columns__max_width-custom\"><div class=\"uagb-columns__overlay\"><\/div><div class=\"uagb-columns__inner-wrap uagb-columns__columns-1\">\n<div class=\"wp-block-uagb-column uagb-column__wrap uagb-column__background-undefined uagb-block-22a93db4\"><div class=\"uagb-column__overlay\"><\/div>\n<div class=\"wp-block-uagb-info-box uagb-block-78ca9964 uagb-infobox__content-wrap  uagb-infobox-icon-above-title uagb-infobox-image-valign-top\"><div class=\"uagb-ifb-content\"><div class=\"uagb-ifb-title-wrap\"><\/div><p class=\"uagb-ifb-desc\">Fundel se erige como un modelo de excelencia en mecanizado dentro de Condals Group, proporcionando servicios de mecanizado especializados que complementan las piezas fundidas de la fundici\u00f3n. Centr\u00e1ndose en la precisi\u00f3n y la adaptabilidad, Fundel satisface una amplia gama de necesidades de la industria.<\/p><\/div><\/div>\n<\/div>\n<\/div><\/section>\n<\/div><\/div>\n\n\n\n<div class=\"wp-block-uagb-container condals-slider uagb-block-12e41519 alignfull uagb-is-root-container\"><div class=\"uagb-container-inner-blocks-wrap\">\n<div class=\"wp-block-uagb-slider uagb-block-df005ead uagb-slider-container\"><div class=\"uagb-slides uagb-swiper\"><div class=\"swiper-wrapper\">\n<div class=\"wp-block-uagb-slider-child uagb-slider-child-wrap swiper-slide uagb-block-598a96a0\"><div class=\"swiper-content\">\n<div class=\"wp-block-uagb-container uagb-block-dcd32d71\"><\/div>\n<\/div><\/div>\n\n\n\n<div class=\"wp-block-uagb-slider-child uagb-slider-child-wrap swiper-slide uagb-block-b4359a27\"><div class=\"swiper-content\">\n<div class=\"wp-block-uagb-container uagb-block-5b2177e6\"><\/div>\n<\/div><\/div>\n\n\n\n<div class=\"wp-block-uagb-slider-child uagb-slider-child-wrap swiper-slide uagb-block-94f01100\"><div class=\"swiper-content\">\n<div class=\"wp-block-uagb-container uagb-block-64bdfa50\"><\/div>\n<\/div><\/div>\n<\/div><\/div><div class=\"swiper-pagination\"><\/div><div class=\"swiper-button-prev\"><\/div><div class=\"swiper-button-next\"><\/div><\/div>\n<\/div><\/div>\n\n\n\n<div class=\"wp-block-uagb-container uagb-block-66nsvyuj alignfull uagb-is-root-container\"><div class=\"uagb-container-inner-blocks-wrap\">\n<div class=\"wp-block-uagb-advanced-heading uagb-block-b8341ff0\"><h2 class=\"uagb-heading-text\">DESTACADOS DE LA EMPRESA<\/h2><\/div>\n\n\n\n<section class=\"wp-block-uagb-columns uagb-columns__wrap uagb-columns__background-color uagb-columns__stack-mobile uagb-columns__valign- uagb-columns__gap-10 align uagb-block-0530cf44 uagb-columns__columns-2 uagb-columns__max_width-custom\"><div class=\"uagb-columns__overlay\"><\/div><div class=\"uagb-columns__inner-wrap uagb-columns__columns-2\">\n<div class=\"wp-block-uagb-column uagb-column__wrap uagb-column__background-undefined uagb-block-2abb484e\"><div class=\"uagb-column__overlay\"><\/div>\n<div class=\"wp-block-uagb-image uagb-block-98224dde wp-block-uagb-image--layout-default wp-block-uagb-image--effect-static wp-block-uagb-image--align-none\"><figure class=\"wp-block-uagb-image__figure\"><img decoding=\"async\" srcset=\"https:\/\/www.condalsgroup.com\/wp-content\/uploads\/2024\/07\/2.png ,https:\/\/www.condalsgroup.com\/wp-content\/uploads\/2024\/07\/2.png 780w, https:\/\/www.condalsgroup.com\/wp-content\/uploads\/2024\/07\/2.png 360w\" sizes=\"auto, (max-width: 480px) 150px\" src=\"https:\/\/www.condalsgroup.com\/wp-content\/uploads\/2024\/07\/2.png\" alt=\"\" class=\"uag-image-25838\" width=\"74\" height=\"73\" title=\"2\" loading=\"lazy\" role=\"img\"\/><\/figure><\/div>\n\n\n\n<div class=\"wp-block-uagb-info-box uagb-block-d9ef84f5 uagb-infobox__content-wrap  uagb-infobox-icon-above-title uagb-infobox-image-valign-top\"><div class=\"uagb-ifb-content\"><div class=\"uagb-ifb-title-wrap\"><\/div><p class=\"uagb-ifb-desc\"><strong>31.5%<\/strong> de energ\u00eda verde<\/p><\/div><\/div>\n<\/div>\n\n\n\n<div class=\"wp-block-uagb-column uagb-column__wrap uagb-column__background-undefined uagb-block-db6df171\"><div class=\"uagb-column__overlay\"><\/div>\n<div class=\"wp-block-uagb-image uagb-block-086467b4 wp-block-uagb-image--layout-default wp-block-uagb-image--effect-static wp-block-uagb-image--align-none\"><figure class=\"wp-block-uagb-image__figure\"><img decoding=\"async\" srcset=\"https:\/\/www.condalsgroup.com\/wp-content\/uploads\/2024\/07\/Asset-151-1.png ,https:\/\/www.condalsgroup.com\/wp-content\/uploads\/2024\/07\/Asset-151-1.png 780w, https:\/\/www.condalsgroup.com\/wp-content\/uploads\/2024\/07\/Asset-151-1.png 360w\" sizes=\"auto, (max-width: 480px) 150px\" src=\"https:\/\/www.condalsgroup.com\/wp-content\/uploads\/2024\/07\/Asset-151-1.png\" alt=\"\" class=\"uag-image-25844\" width=\"74\" height=\"73\" title=\"Asset 151 1\" loading=\"lazy\" role=\"img\"\/><\/figure><\/div>\n\n\n\n<div class=\"wp-block-uagb-info-box uagb-block-8304784a uagb-infobox__content-wrap  uagb-infobox-icon-above-title uagb-infobox-image-valign-top\"><div class=\"uagb-ifb-content\"><div class=\"uagb-ifb-title-wrap\"><\/div><p class=\"uagb-ifb-desc\"><strong>34%<\/strong> de energ\u00eda verde<\/p><\/div><\/div>\n<\/div>\n<\/div><\/section>\n<\/div><\/div>\n\n\n\n<div class=\"wp-block-uagb-container uagb-block-12ec4184 alignfull uagb-is-root-container\"><div class=\"uagb-container-inner-blocks-wrap\">\n<div class=\"wp-block-uagb-advanced-heading uagb-block-7fc66471\"><h2 class=\"uagb-heading-text\">TECNOLOG\u00cdA Y PROCESOS<\/h2><\/div>\n\n\n\n<div class=\"wp-block-uagb-container uagb-layout-flex uagb-block-5e245d01\">\n<div class=\"wp-block-uagb-container uagb-block-acc4eeaf\">\n<div class=\"wp-block-uagb-info-box uagb-block-c7feb5c4 uagb-infobox__content-wrap  uagb-infobox-icon-above-title uagb-infobox-image-valign-top\"><div class=\"uagb-ifb-content\"><div class=\"uagb-ifb-title-wrap\"><h3 class=\"uagb-ifb-title\"><strong>Precisi\u00f3n de mecanizado CNC<\/strong><\/h3><\/div><p class=\"uagb-ifb-desc\">Utilizando centros de mecanizado CNC de \u00faltima generaci\u00f3n, Condals Group logra una precisi\u00f3n y eficiencia incomparables. Nuestros centros permiten una producci\u00f3n r\u00e1pida y precisa, cumpliendo con los m\u00e1s altos est\u00e1ndares con consistencia y velocidad.<\/p><\/div><\/div>\n<\/div>\n\n\n\n<div class=\"wp-block-uagb-container uagb-block-181b26b7\">\n<div class=\"wp-block-uagb-info-box uagb-block-4e09bc15 uagb-infobox__content-wrap  uagb-infobox-icon-above-title uagb-infobox-image-valign-top\"><div class=\"uagb-ifb-content\"><div class=\"uagb-ifb-title-wrap\"><h3 class=\"uagb-ifb-title\"><strong>Innovaci\u00f3n en Mecanizado<\/strong><\/h3><\/div><p class=\"uagb-ifb-desc\">Fundel se dedica a la innovaci\u00f3n continua en nuestros procesos de mecanizado. Perfeccionamos constantemente nuestros m\u00e9todos e integramos las \u00faltimas tecnolog\u00edas para mantenernos a la vanguardia de las demandas de la industria.<\/p><\/div><\/div>\n<\/div>\n\n\n\n<div class=\"wp-block-uagb-container uagb-block-11c598bb\">\n<div class=\"wp-block-uagb-info-box uagb-block-62bb7047 uagb-infobox__content-wrap  uagb-infobox-icon-above-title uagb-infobox-image-valign-top\"><div class=\"uagb-ifb-content\"><div class=\"uagb-ifb-title-wrap\"><h3 class=\"uagb-ifb-title\"><strong>Tratamiento t\u00e9rmico de precisi\u00f3n<\/strong><\/h3><\/div><p class=\"uagb-ifb-desc\">Nuestros procesos de tratamiento t\u00e9rmico por inducci\u00f3n brindan un calentamiento preciso y espec\u00edfico para mejorar las propiedades mec\u00e1nicas de los componentes met\u00e1licos. Este m\u00e9todo garantiza un tratamiento eficiente y controlado, ideal para necesidades de producci\u00f3n de gran volumen.<\/p><\/div><\/div>\n<\/div>\n<\/div>\n<\/div><\/div>\n\n\n\n<div class=\"wp-block-uagb-container uagb-block-ac6200ec alignfull uagb-is-root-container\"><div class=\"uagb-container-inner-blocks-wrap\">\n<div class=\"wp-block-uagb-container uagb-block-0f8fc70f\">\n<div class=\"wp-block-uagb-info-box uagb-block-3ccdf1b8 uagb-infobox__content-wrap  uagb-infobox-icon-above-title uagb-infobox-image-valign-top\"><div class=\"uagb-ifb-content\"><div class=\"uagb-ifb-title-wrap\"><h2 class=\"uagb-ifb-title\">INFORMACI\u00d3N DE CONTACTO<\/h2><\/div><p class=\"uagb-ifb-desc\">C-1411 Km 25,4<br>Pol\u00edgon Industrial Els Condals<br>08241 &#8211; Manresa<br>41.698461165810635, 1.843228730274693<br><br>Tel. +34 93 875 10 08<br>info@fundelsls.es<br>comercial@fundel.es<\/p><\/div><\/div>\n<\/div>\n\n\n\n<div class=\"wp-block-uagb-container uagb-block-5ae80d34\">\n<iframe src=\"https:\/\/www.google.com\/maps\/embed?pb=!1m14!1m8!1m3!1d1252.5297610142445!2d1.841942627444069!3d41.69818860810823!3m2!1i1024!2i768!4f13.1!3m3!1m2!1s0x12a4f7f52b03d793%3A0xf55dad82d001f962!2sFundel%20SL!5e0!3m2!1ses!2ses!4v1722519899482!5m2!1ses!2ses\" width=\"450\" height=\"400\" style=\"border:0;\" allowfullscreen=\"\" loading=\"lazy\" referrerpolicy=\"no-referrer-when-downgrade\"><\/iframe>\n<\/div>\n<\/div><\/div>\n","protected":false},"excerpt":{"rendered":"<p>Fundel DESTACADOS DE LA EMPRESA TECNOLOG\u00cdA Y PROCESOS<\/p>\n","protected":false},"author":1,"featured_media":0,"parent":0,"menu_order":0,"comment_status":"closed","ping_status":"closed","template":"","meta":{"_uag_custom_page_level_css":"","site-sidebar-layout":"default","site-content-layout":"","ast-site-content-layout":"full-width-container","site-content-style":"default","site-sidebar-style":"default","ast-global-header-display":"","ast-banner-title-visibility":"","ast-main-header-display":"","ast-hfb-above-header-display":"","ast-hfb-below-header-display":"","ast-hfb-mobile-header-display":"","site-post-title":"disabled","ast-breadcrumbs-content":"","ast-featured-img":"","footer-sml-layout":"","theme-transparent-header-meta":"","adv-header-id-meta":"","stick-header-meta":"","header-above-stick-meta":"","header-main-stick-meta":"","header-below-stick-meta":"","astra-migrate-meta-layouts":"set","ast-page-background-enabled":"default","ast-page-background-meta":{"desktop":{"background-color":"","background-image":"","background-repeat":"repeat","background-position":"center center","background-size":"auto","background-attachment":"scroll","background-type":"","background-media":"","overlay-type":"","overlay-color":"","overlay-opacity":"","overlay-gradient":""},"tablet":{"background-color":"","background-image":"","background-repeat":"repeat","background-position":"center center","background-size":"auto","background-attachment":"scroll","background-type":"","background-media":"","overlay-type":"","overlay-color":"","overlay-opacity":"","overlay-gradient":""},"mobile":{"background-color":"","background-image":"","background-repeat":"repeat","background-position":"center center","background-size":"auto","background-attachment":"scroll","background-type":"","background-media":"","overlay-type":"","overlay-color":"","overlay-opacity":"","overlay-gradient":""}},"ast-content-background-meta":{"desktop":{"background-color":"var(--ast-global-color-5)","background-image":"","background-repeat":"repeat","background-position":"center center","background-size":"auto","background-attachment":"scroll","background-type":"","background-media":"","overlay-type":"","overlay-color":"","overlay-opacity":"","overlay-gradient":""},"tablet":{"background-color":"var(--ast-global-color-5)","background-image":"","background-repeat":"repeat","background-position":"center center","background-size":"auto","background-attachment":"scroll","background-type":"","background-media":"","overlay-type":"","overlay-color":"","overlay-opacity":"","overlay-gradient":""},"mobile":{"background-color":"var(--ast-global-color-5)","background-image":"","background-repeat":"repeat","background-position":"center center","background-size":"auto","background-attachment":"scroll","background-type":"","background-media":"","overlay-type":"","overlay-color":"","overlay-opacity":"","overlay-gradient":""}},"footnotes":""},"class_list":["post-27736","page","type-page","status-publish","hentry"],"yoast_head":"<!-- This site is optimized with the Yoast SEO plugin v27.5 - https:\/\/yoast.com\/product\/yoast-seo-wordpress\/ -->\n<title>Fundel - Condals Group<\/title>\n<meta name=\"description\" content=\"Fundel proporciona servicios de mecanizado especializados que complementan las piezas fundidas de la fundici\u00f3n de Condals Group.\" \/>\n<meta name=\"robots\" content=\"index, follow, max-snippet:-1, max-image-preview:large, max-video-preview:-1\" \/>\n<link rel=\"canonical\" href=\"https:\/\/www.condalsgroup.com\/es\/fundel\/\" \/>\n<meta property=\"og:locale\" content=\"es_ES\" \/>\n<meta property=\"og:type\" content=\"article\" \/>\n<meta property=\"og:title\" content=\"Fundel - Condals Group\" \/>\n<meta property=\"og:description\" content=\"Fundel proporciona servicios de mecanizado especializados que complementan las piezas fundidas de la fundici\u00f3n de Condals Group.\" \/>\n<meta property=\"og:url\" content=\"https:\/\/www.condalsgroup.com\/es\/fundel\/\" \/>\n<meta property=\"og:site_name\" content=\"Condals Group\" \/>\n<meta property=\"article:modified_time\" content=\"2024-09-16T09:22:37+00:00\" \/>\n<meta property=\"og:image\" content=\"https:\/\/www.condalsgroup.com\/wp-content\/uploads\/2024\/07\/Logo-1.png\" \/>\n<meta name=\"twitter:card\" content=\"summary_large_image\" \/>\n<meta name=\"twitter:label1\" content=\"Tiempo de lectura\" \/>\n\t<meta name=\"twitter:data1\" content=\"2 minutos\" \/>\n<script type=\"application\/ld+json\" class=\"yoast-schema-graph\">{\"@context\":\"https:\\\/\\\/schema.org\",\"@graph\":[{\"@type\":\"WebPage\",\"@id\":\"https:\\\/\\\/www.condalsgroup.com\\\/es\\\/fundel\\\/\",\"url\":\"https:\\\/\\\/www.condalsgroup.com\\\/es\\\/fundel\\\/\",\"name\":\"Fundel - Condals Group\",\"isPartOf\":{\"@id\":\"https:\\\/\\\/www.condalsgroup.com\\\/es\\\/#website\"},\"primaryImageOfPage\":{\"@id\":\"https:\\\/\\\/www.condalsgroup.com\\\/es\\\/fundel\\\/#primaryimage\"},\"image\":{\"@id\":\"https:\\\/\\\/www.condalsgroup.com\\\/es\\\/fundel\\\/#primaryimage\"},\"thumbnailUrl\":\"https:\\\/\\\/www.condalsgroup.com\\\/wp-content\\\/uploads\\\/2024\\\/07\\\/Logo-1.png\",\"datePublished\":\"2024-07-15T15:16:48+00:00\",\"dateModified\":\"2024-09-16T09:22:37+00:00\",\"description\":\"Fundel proporciona servicios de mecanizado especializados que complementan las piezas fundidas de la fundici\u00f3n de Condals Group.\",\"breadcrumb\":{\"@id\":\"https:\\\/\\\/www.condalsgroup.com\\\/es\\\/fundel\\\/#breadcrumb\"},\"inLanguage\":\"es\",\"potentialAction\":[{\"@type\":\"ReadAction\",\"target\":[\"https:\\\/\\\/www.condalsgroup.com\\\/es\\\/fundel\\\/\"]}]},{\"@type\":\"ImageObject\",\"inLanguage\":\"es\",\"@id\":\"https:\\\/\\\/www.condalsgroup.com\\\/es\\\/fundel\\\/#primaryimage\",\"url\":\"https:\\\/\\\/www.condalsgroup.com\\\/wp-content\\\/uploads\\\/2024\\\/07\\\/Logo-1.png\",\"contentUrl\":\"https:\\\/\\\/www.condalsgroup.com\\\/wp-content\\\/uploads\\\/2024\\\/07\\\/Logo-1.png\"},{\"@type\":\"BreadcrumbList\",\"@id\":\"https:\\\/\\\/www.condalsgroup.com\\\/es\\\/fundel\\\/#breadcrumb\",\"itemListElement\":[{\"@type\":\"ListItem\",\"position\":1,\"name\":\"Home\",\"item\":\"https:\\\/\\\/www.condalsgroup.com\\\/es\\\/\"},{\"@type\":\"ListItem\",\"position\":2,\"name\":\"Fundel\"}]},{\"@type\":\"WebSite\",\"@id\":\"https:\\\/\\\/www.condalsgroup.com\\\/es\\\/#website\",\"url\":\"https:\\\/\\\/www.condalsgroup.com\\\/es\\\/\",\"name\":\"Condals Group\",\"description\":\"\",\"publisher\":{\"@id\":\"https:\\\/\\\/www.condalsgroup.com\\\/es\\\/#organization\"},\"potentialAction\":[{\"@type\":\"SearchAction\",\"target\":{\"@type\":\"EntryPoint\",\"urlTemplate\":\"https:\\\/\\\/www.condalsgroup.com\\\/es\\\/?s={search_term_string}\"},\"query-input\":{\"@type\":\"PropertyValueSpecification\",\"valueRequired\":true,\"valueName\":\"search_term_string\"}}],\"inLanguage\":\"es\"},{\"@type\":\"Organization\",\"@id\":\"https:\\\/\\\/www.condalsgroup.com\\\/es\\\/#organization\",\"name\":\"Condals Group\",\"url\":\"https:\\\/\\\/www.condalsgroup.com\\\/es\\\/\",\"logo\":{\"@type\":\"ImageObject\",\"inLanguage\":\"es\",\"@id\":\"https:\\\/\\\/www.condalsgroup.com\\\/es\\\/#\\\/schema\\\/logo\\\/image\\\/\",\"url\":\"https:\\\/\\\/www.condalsgroup.com\\\/wp-content\\\/uploads\\\/2024\\\/07\\\/cropped-Logo-Container.png\",\"contentUrl\":\"https:\\\/\\\/www.condalsgroup.com\\\/wp-content\\\/uploads\\\/2024\\\/07\\\/cropped-Logo-Container.png\",\"width\":148,\"height\":49,\"caption\":\"Condals Group\"},\"image\":{\"@id\":\"https:\\\/\\\/www.condalsgroup.com\\\/es\\\/#\\\/schema\\\/logo\\\/image\\\/\"},\"sameAs\":[\"https:\\\/\\\/es.linkedin.com\\\/company\\\/condalsgroup\",\"https:\\\/\\\/www.youtube.com\\\/channel\\\/UCYec9VCV4aKMOsm6RXFUjtQ\"]}]}<\/script>\n<!-- \/ Yoast SEO plugin. -->","yoast_head_json":{"title":"Fundel - Condals Group","description":"Fundel proporciona servicios de mecanizado especializados que complementan las piezas fundidas de la fundici\u00f3n de Condals Group.","robots":{"index":"index","follow":"follow","max-snippet":"max-snippet:-1","max-image-preview":"max-image-preview:large","max-video-preview":"max-video-preview:-1"},"canonical":"https:\/\/www.condalsgroup.com\/es\/fundel\/","og_locale":"es_ES","og_type":"article","og_title":"Fundel - Condals Group","og_description":"Fundel proporciona servicios de mecanizado especializados que complementan las piezas fundidas de la fundici\u00f3n de Condals Group.","og_url":"https:\/\/www.condalsgroup.com\/es\/fundel\/","og_site_name":"Condals Group","article_modified_time":"2024-09-16T09:22:37+00:00","og_image":[{"url":"https:\/\/www.condalsgroup.com\/wp-content\/uploads\/2024\/07\/Logo-1.png","type":"","width":"","height":""}],"twitter_card":"summary_large_image","twitter_misc":{"Tiempo de lectura":"2 minutos"},"schema":{"@context":"https:\/\/schema.org","@graph":[{"@type":"WebPage","@id":"https:\/\/www.condalsgroup.com\/es\/fundel\/","url":"https:\/\/www.condalsgroup.com\/es\/fundel\/","name":"Fundel - Condals Group","isPartOf":{"@id":"https:\/\/www.condalsgroup.com\/es\/#website"},"primaryImageOfPage":{"@id":"https:\/\/www.condalsgroup.com\/es\/fundel\/#primaryimage"},"image":{"@id":"https:\/\/www.condalsgroup.com\/es\/fundel\/#primaryimage"},"thumbnailUrl":"https:\/\/www.condalsgroup.com\/wp-content\/uploads\/2024\/07\/Logo-1.png","datePublished":"2024-07-15T15:16:48+00:00","dateModified":"2024-09-16T09:22:37+00:00","description":"Fundel proporciona servicios de mecanizado especializados que complementan las piezas fundidas de la fundici\u00f3n de Condals Group.","breadcrumb":{"@id":"https:\/\/www.condalsgroup.com\/es\/fundel\/#breadcrumb"},"inLanguage":"es","potentialAction":[{"@type":"ReadAction","target":["https:\/\/www.condalsgroup.com\/es\/fundel\/"]}]},{"@type":"ImageObject","inLanguage":"es","@id":"https:\/\/www.condalsgroup.com\/es\/fundel\/#primaryimage","url":"https:\/\/www.condalsgroup.com\/wp-content\/uploads\/2024\/07\/Logo-1.png","contentUrl":"https:\/\/www.condalsgroup.com\/wp-content\/uploads\/2024\/07\/Logo-1.png"},{"@type":"BreadcrumbList","@id":"https:\/\/www.condalsgroup.com\/es\/fundel\/#breadcrumb","itemListElement":[{"@type":"ListItem","position":1,"name":"Home","item":"https:\/\/www.condalsgroup.com\/es\/"},{"@type":"ListItem","position":2,"name":"Fundel"}]},{"@type":"WebSite","@id":"https:\/\/www.condalsgroup.com\/es\/#website","url":"https:\/\/www.condalsgroup.com\/es\/","name":"Condals Group","description":"","publisher":{"@id":"https:\/\/www.condalsgroup.com\/es\/#organization"},"potentialAction":[{"@type":"SearchAction","target":{"@type":"EntryPoint","urlTemplate":"https:\/\/www.condalsgroup.com\/es\/?s={search_term_string}"},"query-input":{"@type":"PropertyValueSpecification","valueRequired":true,"valueName":"search_term_string"}}],"inLanguage":"es"},{"@type":"Organization","@id":"https:\/\/www.condalsgroup.com\/es\/#organization","name":"Condals Group","url":"https:\/\/www.condalsgroup.com\/es\/","logo":{"@type":"ImageObject","inLanguage":"es","@id":"https:\/\/www.condalsgroup.com\/es\/#\/schema\/logo\/image\/","url":"https:\/\/www.condalsgroup.com\/wp-content\/uploads\/2024\/07\/cropped-Logo-Container.png","contentUrl":"https:\/\/www.condalsgroup.com\/wp-content\/uploads\/2024\/07\/cropped-Logo-Container.png","width":148,"height":49,"caption":"Condals Group"},"image":{"@id":"https:\/\/www.condalsgroup.com\/es\/#\/schema\/logo\/image\/"},"sameAs":["https:\/\/es.linkedin.com\/company\/condalsgroup","https:\/\/www.youtube.com\/channel\/UCYec9VCV4aKMOsm6RXFUjtQ"]}]}},"uagb_featured_image_src":{"full":false,"thumbnail":false,"medium":false,"medium_large":false,"large":false,"1536x1536":false,"2048x2048":false},"uagb_author_info":{"display_name":"bchong@devel8.com","author_link":"https:\/\/www.condalsgroup.com\/es\/author\/bchongdevel8-com\/"},"uagb_comment_info":0,"uagb_excerpt":"Fundel DESTACADOS DE LA EMPRESA TECNOLOG\u00cdA Y PROCESOS","_links":{"self":[{"href":"https:\/\/www.condalsgroup.com\/es\/wp-json\/wp\/v2\/pages\/27736","targetHints":{"allow":["GET"]}}],"collection":[{"href":"https:\/\/www.condalsgroup.com\/es\/wp-json\/wp\/v2\/pages"}],"about":[{"href":"https:\/\/www.condalsgroup.com\/es\/wp-json\/wp\/v2\/types\/page"}],"author":[{"embeddable":true,"href":"https:\/\/www.condalsgroup.com\/es\/wp-json\/wp\/v2\/users\/1"}],"replies":[{"embeddable":true,"href":"https:\/\/www.condalsgroup.com\/es\/wp-json\/wp\/v2\/comments?post=27736"}],"version-history":[{"count":2,"href":"https:\/\/www.condalsgroup.com\/es\/wp-json\/wp\/v2\/pages\/27736\/revisions"}],"predecessor-version":[{"id":27886,"href":"https:\/\/www.condalsgroup.com\/es\/wp-json\/wp\/v2\/pages\/27736\/revisions\/27886"}],"wp:attachment":[{"href":"https:\/\/www.condalsgroup.com\/es\/wp-json\/wp\/v2\/media?parent=27736"}],"curies":[{"name":"wp","href":"https:\/\/api.w.org\/{rel}","templated":true}]}}